{"id":644,"date":"2024-11-21T10:38:52","date_gmt":"2024-11-21T10:38:52","guid":{"rendered":"http:\/\/koalaludo.it\/?page_id=644"},"modified":"2025-01-12T11:08:41","modified_gmt":"2025-01-12T11:08:41","slug":"formazione","status":"publish","type":"page","link":"https:\/\/koalaludo.it\/index.php\/formazione\/","title":{"rendered":"Formazione"},"content":{"rendered":"\n<h2 class=\"wp-block-heading\">Formazione del Personale: Crescita Professionale ed Innovazione Educativa<br><\/h2>\n\n\n\n<p>Il gruppo di lavoro della cooperativa Koalaludo crede che la qualit\u00e0 dei servizi offerti dipenda dalla preparazione e dall\u2019aggiornamento continuo del nostro personale.<\/p>\n\n\n\n<p>Per questo motivo, oltre a garantire la formazione obbligatoria relativa a tematiche fondamentali come l\u2019HACCP e la sicurezza nei luoghi di lavoro, investiamo in percorsi di formazione continua mirati a sviluppare competenze pedagogiche, creative e innovative.<\/p>\n\n\n\n<p><br>Formazione obbligatoria<\/p>\n\n\n\n<p>I nostri operatori ricevono una preparazione accurata su normative e procedure relative alla sicurezza sul lavoro, all\u2019igiene e alla gestione degli ambienti operativi. Questo garantisce che ogni attivit\u00e0 sia svolta nel rispetto delle regole e con la massima attenzione alla salute e al benessere di tutti i coinvolti.<\/p>\n\n\n\n<p>Formazione in itinere<br>Per rispondere in modo dinamico e personalizzato alle esigenze dei contesti in cui operiamo, promuoviamo percorsi formativi in itinere su temi pedagogici ed educativi. Questi percorsi sono pensati per affinare le competenze relazionali, comprendere i bisogni specifici delle persone con cui lavoriamo e implementare strategie che valorizzino l&#8217;unicit\u00e0 di ciascuno.<\/p>\n\n\n\n<p>Metodologie innovative<br>Il nostro approccio punta a integrare metodologie esperienziali, ludiche ed educative che favoriscano il coinvolgimento attivo e la creativit\u00e0. Organizziamo workshop e laboratori per formare il personale su strumenti e tecniche innovative:<\/p>\n\n\n\n<p>Metodologie esperienziali: apprendere attraverso l\u2019esperienza diretta,sviluppando sensibilit\u00e0 e riflessione sui bisogni educativi.<br>Approcci ludici: esplorare il gioco come strumento educativo, utile per stimolare creativit\u00e0, relazione e apprendimento.<br>Creativit\u00e0 ed espressione: promuovere la conoscenza di tecniche artistiche e laboratoriali che possano arricchire il repertorio educativo degli operatori.<br>La nostra formazione continua \u00e8 rivolta a tutti gli operatori che svolgono attivit\u00e0 nei nostri servizi, \u00e8 sopratutto pensata per garantire una crescita professionale costante, offrendo agli operatori strumenti e strategie per affrontare con competenza e innovazione le sfide educative e sociali che andranno a svolgere nei contesti educativi di intervento in cui andiamo a lavorare.<\/p>\n\n\n\n<p>Con questo impegno, Koalaludo si pone come un punto di riferimento per servizi socio-educativi di qualit\u00e0, dove il personale \u00e8 il motore di un cambiamento positivo e sostenibile.<\/p>\n\n\n\n<figure class=\"wp-block-gallery has-nested-images columns-default is-cropped wp-block-gallery-1 is-layout-flex wp-block-gallery-is-layout-flex\">\n<figure class=\"wp-block-image size-large\"><img loading=\"lazy\" decoding=\"async\" width=\"1024\" height=\"768\" data-id=\"880\" src=\"https:\/\/koalaludo.it\/wp-content\/uploads\/2024\/11\/WhatsApp-Image-2024-11-23-at-11.33.31-1-1024x768.jpeg\" alt=\"\" class=\"wp-image-880\" srcset=\"https:\/\/koalaludo.it\/wp-content\/uploads\/2024\/11\/WhatsApp-Image-2024-11-23-at-11.33.31-1-1024x768.jpeg 1024w, https:\/\/koalaludo.it\/wp-content\/uploads\/2024\/11\/WhatsApp-Image-2024-11-23-at-11.33.31-1-300x225.jpeg 300w, https:\/\/koalaludo.it\/wp-content\/uploads\/2024\/11\/WhatsApp-Image-2024-11-23-at-11.33.31-1-768x576.jpeg 768w, https:\/\/koalaludo.it\/wp-content\/uploads\/2024\/11\/WhatsApp-Image-2024-11-23-at-11.33.31-1.jpeg 1600w\" sizes=\"auto, (max-width: 1024px) 100vw, 1024px\" \/><\/figure>\n\n\n\n<figure class=\"wp-block-image size-large\"><img loading=\"lazy\" decoding=\"async\" width=\"1024\" height=\"768\" data-id=\"879\" src=\"https:\/\/koalaludo.it\/wp-content\/uploads\/2024\/11\/WhatsApp-Image-2024-11-23-at-11.33.44-1-1024x768.jpeg\" alt=\"\" class=\"wp-image-879\" srcset=\"https:\/\/koalaludo.it\/wp-content\/uploads\/2024\/11\/WhatsApp-Image-2024-11-23-at-11.33.44-1-1024x768.jpeg 1024w, https:\/\/koalaludo.it\/wp-content\/uploads\/2024\/11\/WhatsApp-Image-2024-11-23-at-11.33.44-1-300x225.jpeg 300w, https:\/\/koalaludo.it\/wp-content\/uploads\/2024\/11\/WhatsApp-Image-2024-11-23-at-11.33.44-1-768x576.jpeg 768w, https:\/\/koalaludo.it\/wp-content\/uploads\/2024\/11\/WhatsApp-Image-2024-11-23-at-11.33.44-1.jpeg 1600w\" sizes=\"auto, (max-width: 1024px) 100vw, 1024px\" \/><\/figure>\n\n\n\n<figure class=\"wp-block-image size-large\"><img loading=\"lazy\" decoding=\"async\" width=\"1024\" height=\"768\" data-id=\"855\" src=\"https:\/\/koalaludo.it\/wp-content\/uploads\/2024\/11\/20241123_101955-1-1024x768.jpg\" alt=\"\" class=\"wp-image-855\" srcset=\"https:\/\/koalaludo.it\/wp-content\/uploads\/2024\/11\/20241123_101955-1-1024x768.jpg 1024w, https:\/\/koalaludo.it\/wp-content\/uploads\/2024\/11\/20241123_101955-1-300x225.jpg 300w, https:\/\/koalaludo.it\/wp-content\/uploads\/2024\/11\/20241123_101955-1-768x576.jpg 768w\" sizes=\"auto, (max-width: 1024px) 100vw, 1024px\" \/><\/figure>\n\n\n\n<figure class=\"wp-block-image size-large\"><img loading=\"lazy\" decoding=\"async\" width=\"1024\" height=\"768\" data-id=\"713\" src=\"https:\/\/koalaludo.it\/wp-content\/uploads\/2024\/11\/20240511_092452-1024x768.jpg\" alt=\"\" class=\"wp-image-713\" srcset=\"https:\/\/koalaludo.it\/wp-content\/uploads\/2024\/11\/20240511_092452-1024x768.jpg 1024w, https:\/\/koalaludo.it\/wp-content\/uploads\/2024\/11\/20240511_092452-300x225.jpg 300w, https:\/\/koalaludo.it\/wp-content\/uploads\/2024\/11\/20240511_092452-768x576.jpg 768w\" sizes=\"auto, (max-width: 1024px) 100vw, 1024px\" \/><\/figure>\n\n\n\n<figure class=\"wp-block-image size-large\"><img loading=\"lazy\" decoding=\"async\" width=\"1024\" height=\"768\" data-id=\"712\" src=\"https:\/\/koalaludo.it\/wp-content\/uploads\/2024\/11\/20240511_092427-1024x768.jpg\" alt=\"\" class=\"wp-image-712\" srcset=\"https:\/\/koalaludo.it\/wp-content\/uploads\/2024\/11\/20240511_092427-1024x768.jpg 1024w, https:\/\/koalaludo.it\/wp-content\/uploads\/2024\/11\/20240511_092427-300x225.jpg 300w, https:\/\/koalaludo.it\/wp-content\/uploads\/2024\/11\/20240511_092427-768x576.jpg 768w\" sizes=\"auto, (max-width: 1024px) 100vw, 1024px\" \/><\/figure>\n\n\n\n<figure class=\"wp-block-image size-large\"><img loading=\"lazy\" decoding=\"async\" width=\"1024\" height=\"461\" data-id=\"714\" src=\"https:\/\/koalaludo.it\/wp-content\/uploads\/2024\/11\/20221205_102600-1024x461.jpg\" alt=\"\" class=\"wp-image-714\" srcset=\"https:\/\/koalaludo.it\/wp-content\/uploads\/2024\/11\/20221205_102600-1024x461.jpg 1024w, https:\/\/koalaludo.it\/wp-content\/uploads\/2024\/11\/20221205_102600-300x135.jpg 300w, https:\/\/koalaludo.it\/wp-content\/uploads\/2024\/11\/20221205_102600-768x346.jpg 768w\" sizes=\"auto, (max-width: 1024px) 100vw, 1024px\" \/><\/figure>\n\n\n\n<figure class=\"wp-block-image size-large\"><img loading=\"lazy\" decoding=\"async\" width=\"765\" height=\"1024\" data-id=\"718\" src=\"https:\/\/koalaludo.it\/wp-content\/uploads\/2024\/11\/IMG-20241116-WA0023-765x1024.jpg\" alt=\"\" class=\"wp-image-718\" srcset=\"https:\/\/koalaludo.it\/wp-content\/uploads\/2024\/11\/IMG-20241116-WA0023-765x1024.jpg 765w, https:\/\/koalaludo.it\/wp-content\/uploads\/2024\/11\/IMG-20241116-WA0023-224x300.jpg 224w, https:\/\/koalaludo.it\/wp-content\/uploads\/2024\/11\/IMG-20241116-WA0023-768x1027.jpg 768w, https:\/\/koalaludo.it\/wp-content\/uploads\/2024\/11\/IMG-20241116-WA0023.jpg 1196w\" sizes=\"auto, (max-width: 765px) 100vw, 765px\" \/><\/figure>\n\n\n\n<figure class=\"wp-block-image size-large\"><img loading=\"lazy\" decoding=\"async\" width=\"765\" height=\"1024\" data-id=\"719\" src=\"https:\/\/koalaludo.it\/wp-content\/uploads\/2024\/11\/IMG-20241116-WA0025-765x1024.jpg\" alt=\"\" class=\"wp-image-719\" srcset=\"https:\/\/koalaludo.it\/wp-content\/uploads\/2024\/11\/IMG-20241116-WA0025-765x1024.jpg 765w, https:\/\/koalaludo.it\/wp-content\/uploads\/2024\/11\/IMG-20241116-WA0025-224x300.jpg 224w, https:\/\/koalaludo.it\/wp-content\/uploads\/2024\/11\/IMG-20241116-WA0025-768x1027.jpg 768w, https:\/\/koalaludo.it\/wp-content\/uploads\/2024\/11\/IMG-20241116-WA0025.jpg 1196w\" sizes=\"auto, (max-width: 765px) 100vw, 765px\" \/><\/figure>\n\n\n\n<figure class=\"wp-block-image size-large\"><img loading=\"lazy\" decoding=\"async\" width=\"1024\" height=\"768\" data-id=\"711\" src=\"https:\/\/koalaludo.it\/wp-content\/uploads\/2024\/11\/20240511_104750-1024x768.jpg\" alt=\"\" class=\"wp-image-711\" srcset=\"https:\/\/koalaludo.it\/wp-content\/uploads\/2024\/11\/20240511_104750-1024x768.jpg 1024w, https:\/\/koalaludo.it\/wp-content\/uploads\/2024\/11\/20240511_104750-300x225.jpg 300w, https:\/\/koalaludo.it\/wp-content\/uploads\/2024\/11\/20240511_104750-768x576.jpg 768w\" sizes=\"auto, (max-width: 1024px) 100vw, 1024px\" \/><\/figure>\n\n\n\n<figure class=\"wp-block-image size-large\"><img loading=\"lazy\" decoding=\"async\" width=\"1024\" height=\"768\" data-id=\"710\" src=\"https:\/\/koalaludo.it\/wp-content\/uploads\/2024\/11\/20240511_104523-1024x768.jpg\" alt=\"\" class=\"wp-image-710\" srcset=\"https:\/\/koalaludo.it\/wp-content\/uploads\/2024\/11\/20240511_104523-1024x768.jpg 1024w, https:\/\/koalaludo.it\/wp-content\/uploads\/2024\/11\/20240511_104523-300x225.jpg 300w, https:\/\/koalaludo.it\/wp-content\/uploads\/2024\/11\/20240511_104523-768x576.jpg 768w\" sizes=\"auto, (max-width: 1024px) 100vw, 1024px\" \/><\/figure>\n\n\n\n<figure class=\"wp-block-image size-large\"><img loading=\"lazy\" decoding=\"async\" width=\"2048\" height=\"1536\" data-id=\"965\" src=\"https:\/\/koalaludo.it\/wp-content\/uploads\/2024\/12\/279133009_1586916435015402_8007648740680064998_n.jpg\" alt=\"\" class=\"wp-image-965\"\/><\/figure>\n<\/figure>\n","protected":false},"excerpt":{"rendered":"<p>Formazione del Personale: Crescita Professionale ed Innovazione Educativa Il gruppo di lavoro della cooperativa Koalaludo crede che la qualit\u00e0 dei servizi offerti dipenda dalla preparazione e dall\u2019aggiornamento continuo del nostro personale. Per questo motivo, oltre a garantire la formazione obbligatoria relativa a tematiche fondamentali come l\u2019HACCP e la sicurezza nei luoghi di lavoro, investiamo in [&hellip;]<\/p>\n","protected":false},"author":4,"featured_media":0,"parent":0,"menu_order":0,"comment_status":"closed","ping_status":"closed","template":"","meta":{"footnotes":""},"class_list":["post-644","page","type-page","status-publish","hentry"],"_links":{"self":[{"href":"https:\/\/koalaludo.it\/index.php\/wp-json\/wp\/v2\/pages\/644","targetHints":{"allow":["GET"]}}],"collection":[{"href":"https:\/\/koalaludo.it\/index.php\/wp-json\/wp\/v2\/pages"}],"about":[{"href":"https:\/\/koalaludo.it\/index.php\/wp-json\/wp\/v2\/types\/page"}],"author":[{"embeddable":true,"href":"https:\/\/koalaludo.it\/index.php\/wp-json\/wp\/v2\/users\/4"}],"replies":[{"embeddable":true,"href":"https:\/\/koalaludo.it\/index.php\/wp-json\/wp\/v2\/comments?post=644"}],"version-history":[{"count":13,"href":"https:\/\/koalaludo.it\/index.php\/wp-json\/wp\/v2\/pages\/644\/revisions"}],"predecessor-version":[{"id":1163,"href":"https:\/\/koalaludo.it\/index.php\/wp-json\/wp\/v2\/pages\/644\/revisions\/1163"}],"wp:attachment":[{"href":"https:\/\/koalaludo.it\/index.php\/wp-json\/wp\/v2\/media?parent=644"}],"curies":[{"name":"wp","href":"https:\/\/api.w.org\/{rel}","templated":true}]}}