{"id":640,"date":"2024-11-21T10:14:19","date_gmt":"2024-11-21T10:14:19","guid":{"rendered":"http:\/\/koalaludo.it\/?page_id=640"},"modified":"2024-11-28T10:31:27","modified_gmt":"2024-11-28T10:31:27","slug":"centri-di-natale","status":"publish","type":"page","link":"https:\/\/koalaludo.it\/index.php\/centri-di-natale\/","title":{"rendered":"Centri di Natale"},"content":{"rendered":"<p>&nbsp;<\/p>\n<p>&nbsp;<\/p>\n<p>&nbsp;<\/p>\n<p><strong>Natale Magico: Centri di Attivit\u00e0 Ludiche per Bambini!<\/strong><\/p>\n<p>\ud83c\udf84\u2728 Questo Natale, immergiti nella magia delle festivit\u00e0 con i nostri centri di attivit\u00e0 ludiche per bambini! \u2728\ud83c\udf84<\/p>\n<p>Stiamo preparando un&#8217;esperienza fantastica per i tuoi piccoli, ricca di divertimento, creativit\u00e0 e tantissime sorprese natalizie! I nostri centri offrono una variet\u00e0 di attivit\u00e0 divertenti, pensate per stimolare l&#8217;immaginazione e il lavoro di gruppo, contribuendo allo sviluppo sociale e affettivo dei bambini.<\/p>\n<p><strong>Cosa offriamo:<\/strong><\/p>\n<p>\ud83c\udf1f <strong>Laboratori Creativi:<\/strong> I bambini potranno realizzare decorazioni natalizie, giocattoli fai-da-te e biglietti d&#8217;auguri unici da regalare ai loro cari!<\/p>\n<p>\ud83c\udfa8 <strong>Attivit\u00e0 Artistiche:<\/strong> Dai colori a dita alla pittura su tela, ogni piccolo artista avr\u00e0 la possibilit\u00e0 di esprimere la propria creativit\u00e0 in un ambiente stimolante e festoso.<\/p>\n<p>\ud83c\udfb6 <strong>Musica e Danza:<\/strong> Giornate di canto, ballo e giochi musicali per rendere la nostra festa ancora pi\u00f9 speciale. I bambini potranno anche imparare canzoni natalizie tradizionali!<\/p>\n<p>\ud83c\udf81 <strong>Giocattoli e Giochi di Natale:<\/strong> I pi\u00f9 piccoli potranno divertirsi con giochi interattivi e sfide avvincenti, tutto con un tocco natalizio!<\/p>\n<p>\ud83c\udf85 <strong>Visita di Babbo Natale:<\/strong> Non pu\u00f2 mancare la visita di Babbo Natale in persona! I bambini avranno l&#8217;opportunit\u00e0 di consegnare la propria letterina e scattare fotografie indimenticabili.<\/p>\n<p>\ud83d\udcc5 <strong>Date e Orari:<\/strong> I nostri centri saranno attivi dal [data di inizio] al [data di fine], tutti i giorni dalle [orario di apertura] alle [orario di chiusura].<\/p>\n<p>\ud83d\udccd <strong>Location:<\/strong> Ci troviamo presso [indirizzo\/location]. Un luogo sicuro e accogliente, dove ogni bambino potr\u00e0 sentirsi felice e protetto.<\/p>\n<p>\ud83d\udcbc <strong>Iscrizioni:<\/strong> I posti sono limitati! Affrettati a riservare il tuo posto chiamando il numero [numero di telefono] o visitando il nostro sito web [link al sito].<\/p>\n<p>Non perdere l\u2019opportunit\u00e0 di regalare ai tuoi bambini un Natale indimenticabile! Ti aspettiamo con gioia!<\/p>\n<p>per info: segreteria@koalaludo.com-3282597026<\/p>\n<div id='gallery-1' class='gallery galleryid-640 gallery-columns-3 gallery-size-large'><figure class='gallery-item'>\n\t\t\t<div class='gallery-icon landscape'>\n\t\t\t\t<a href='https:\/\/koalaludo.it\/wp-content\/uploads\/2024\/11\/Koalaludo_20241121_112356_0000.jpg'><img loading=\"lazy\" decoding=\"async\" width=\"640\" height=\"537\" src=\"https:\/\/koalaludo.it\/wp-content\/uploads\/2024\/11\/Koalaludo_20241121_112356_0000.jpg\" class=\"attachment-large size-large\" alt=\"\" srcset=\"https:\/\/koalaludo.it\/wp-content\/uploads\/2024\/11\/Koalaludo_20241121_112356_0000.jpg 940w, https:\/\/koalaludo.it\/wp-content\/uploads\/2024\/11\/Koalaludo_20241121_112356_0000-300x251.jpg 300w, https:\/\/koalaludo.it\/wp-content\/uploads\/2024\/11\/Koalaludo_20241121_112356_0000-768x644.jpg 768w\" sizes=\"auto, (max-width: 640px) 100vw, 640px\" \/><\/a>\n\t\t\t<\/div><\/figure><figure class='gallery-item'>\n\t\t\t<div class='gallery-icon portrait'>\n\t\t\t\t<a href='https:\/\/koalaludo.it\/wp-content\/uploads\/2024\/11\/Koalaludo-presenta_20241121_111943_0000.jpg'><img loading=\"lazy\" decoding=\"async\" width=\"640\" height=\"905\" src=\"https:\/\/koalaludo.it\/wp-content\/uploads\/2024\/11\/Koalaludo-presenta_20241121_111943_0000-724x1024.jpg\" class=\"attachment-large size-large\" alt=\"\" srcset=\"https:\/\/koalaludo.it\/wp-content\/uploads\/2024\/11\/Koalaludo-presenta_20241121_111943_0000-724x1024.jpg 724w, https:\/\/koalaludo.it\/wp-content\/uploads\/2024\/11\/Koalaludo-presenta_20241121_111943_0000-212x300.jpg 212w, https:\/\/koalaludo.it\/wp-content\/uploads\/2024\/11\/Koalaludo-presenta_20241121_111943_0000-768x1086.jpg 768w, https:\/\/koalaludo.it\/wp-content\/uploads\/2024\/11\/Koalaludo-presenta_20241121_111943_0000.jpg 1414w\" sizes=\"auto, (max-width: 640px) 100vw, 640px\" \/><\/a>\n\t\t\t<\/div><\/figure><figure class='gallery-item'>\n\t\t\t<div class='gallery-icon landscape'>\n\t\t\t\t<a href='https:\/\/koalaludo.it\/wp-content\/uploads\/2024\/11\/20201210_112442.jpg'><img loading=\"lazy\" decoding=\"async\" width=\"640\" height=\"480\" src=\"https:\/\/koalaludo.it\/wp-content\/uploads\/2024\/11\/20201210_112442-1024x768.jpg\" class=\"attachment-large size-large\" alt=\"\" srcset=\"https:\/\/koalaludo.it\/wp-content\/uploads\/2024\/11\/20201210_112442-1024x768.jpg 1024w, https:\/\/koalaludo.it\/wp-content\/uploads\/2024\/11\/20201210_112442-300x225.jpg 300w, https:\/\/koalaludo.it\/wp-content\/uploads\/2024\/11\/20201210_112442-768x576.jpg 768w\" sizes=\"auto, (max-width: 640px) 100vw, 640px\" \/><\/a>\n\t\t\t<\/div><\/figure>\n\t\t<\/div>\n\n<p><a href=\"http:\/\/koalaludo.it\/wp-content\/uploads\/2024\/11\/322829777_689866222816919_936434152940336608_n.jpg\"><img loading=\"lazy\" decoding=\"async\" class=\"alignnone wp-image-921 size-full\" src=\"http:\/\/koalaludo.it\/wp-content\/uploads\/2024\/11\/322829777_689866222816919_936434152940336608_n.jpg\" alt=\"\" width=\"206\" height=\"206\" srcset=\"https:\/\/koalaludo.it\/wp-content\/uploads\/2024\/11\/322829777_689866222816919_936434152940336608_n.jpg 206w, https:\/\/koalaludo.it\/wp-content\/uploads\/2024\/11\/322829777_689866222816919_936434152940336608_n-150x150.jpg 150w\" sizes=\"auto, (max-width: 206px) 100vw, 206px\" \/><\/a> <a href=\"http:\/\/koalaludo.it\/wp-content\/uploads\/2024\/11\/320973924_722168065772811_8332590767385943906_n.jpg\"><img loading=\"lazy\" decoding=\"async\" class=\"alignnone wp-image-922 size-full\" src=\"http:\/\/koalaludo.it\/wp-content\/uploads\/2024\/11\/320973924_722168065772811_8332590767385943906_n.jpg\" alt=\"\" width=\"206\" height=\"206\" srcset=\"https:\/\/koalaludo.it\/wp-content\/uploads\/2024\/11\/320973924_722168065772811_8332590767385943906_n.jpg 206w, https:\/\/koalaludo.it\/wp-content\/uploads\/2024\/11\/320973924_722168065772811_8332590767385943906_n-150x150.jpg 150w\" sizes=\"auto, (max-width: 206px) 100vw, 206px\" \/><\/a><a href=\"http:\/\/koalaludo.it\/wp-content\/uploads\/2024\/11\/49810314_736030473437340_6005936289377943552_n.jpg\"><img loading=\"lazy\" decoding=\"async\" class=\"alignnone wp-image-924 size-full\" src=\"http:\/\/koalaludo.it\/wp-content\/uploads\/2024\/11\/49810314_736030473437340_6005936289377943552_n.jpg\" alt=\"\" width=\"206\" height=\"206\" srcset=\"https:\/\/koalaludo.it\/wp-content\/uploads\/2024\/11\/49810314_736030473437340_6005936289377943552_n.jpg 206w, https:\/\/koalaludo.it\/wp-content\/uploads\/2024\/11\/49810314_736030473437340_6005936289377943552_n-150x150.jpg 150w\" sizes=\"auto, (max-width: 206px) 100vw, 206px\" \/><\/a><\/p>\n<p>&nbsp;<\/p>\n","protected":false},"excerpt":{"rendered":"<p>&nbsp; &nbsp; &nbsp; Natale Magico: Centri di Attivit\u00e0 Ludiche per Bambini! \ud83c\udf84\u2728 Questo Natale, immergiti nella magia delle festivit\u00e0 con i nostri centri di attivit\u00e0 ludiche per bambini! \u2728\ud83c\udf84 Stiamo preparando un&#8217;esperienza fantastica per i tuoi piccoli, ricca di divertimento, creativit\u00e0 e tantissime sorprese natalizie! I nostri centri offrono una variet\u00e0 di attivit\u00e0 divertenti, pensate [&hellip;]<\/p>\n","protected":false},"author":4,"featured_media":817,"parent":0,"menu_order":0,"comment_status":"closed","ping_status":"closed","template":"","meta":{"footnotes":""},"class_list":["post-640","page","type-page","status-publish","has-post-thumbnail","hentry"],"_links":{"self":[{"href":"https:\/\/koalaludo.it\/index.php\/wp-json\/wp\/v2\/pages\/640","targetHints":{"allow":["GET"]}}],"collection":[{"href":"https:\/\/koalaludo.it\/index.php\/wp-json\/wp\/v2\/pages"}],"about":[{"href":"https:\/\/koalaludo.it\/index.php\/wp-json\/wp\/v2\/types\/page"}],"author":[{"embeddable":true,"href":"https:\/\/koalaludo.it\/index.php\/wp-json\/wp\/v2\/users\/4"}],"replies":[{"embeddable":true,"href":"https:\/\/koalaludo.it\/index.php\/wp-json\/wp\/v2\/comments?post=640"}],"version-history":[{"count":9,"href":"https:\/\/koalaludo.it\/index.php\/wp-json\/wp\/v2\/pages\/640\/revisions"}],"predecessor-version":[{"id":925,"href":"https:\/\/koalaludo.it\/index.php\/wp-json\/wp\/v2\/pages\/640\/revisions\/925"}],"wp:featuredmedia":[{"embeddable":true,"href":"https:\/\/koalaludo.it\/index.php\/wp-json\/wp\/v2\/media\/817"}],"wp:attachment":[{"href":"https:\/\/koalaludo.it\/index.php\/wp-json\/wp\/v2\/media?parent=640"}],"curies":[{"name":"wp","href":"https:\/\/api.w.org\/{rel}","templated":true}]}}