{"id":638,"date":"2024-11-21T10:34:53","date_gmt":"2024-11-21T10:34:53","guid":{"rendered":"http:\/\/koalaludo.it\/?page_id=638"},"modified":"2025-01-12T10:49:19","modified_gmt":"2025-01-12T10:49:19","slug":"estate-da-koala","status":"publish","type":"page","link":"https:\/\/koalaludo.it\/index.php\/estate-da-koala\/","title":{"rendered":"Estate da Koala"},"content":{"rendered":"<div class=\"chat__message__text\">\n<h3><strong>Centri Estivi Koalaludo<\/strong><\/h3>\n<h3><strong>Un\u2019estate di relazioni, creativit\u00e0 e crescita senza tralasciare il divertimento!<\/strong><\/h3>\n<p>Il nostro centro estivo accoglie bambini e ragazzi dai <strong>3 anni compiuti fino ai 14<\/strong>, offrendo un ambiente sicuro e accogliente in cui ogni partecipante pu\u00f2 <strong>esprimersi in modo spontaneo<\/strong> e sentirsi valorizzato.<\/p>\n<p>La nostra proposta educativa si basa sulla <strong>relazione<\/strong>: l\u2019educatore non \u00e8 solo una guida, ma anche un <strong>facilitatore, attore e mediatore delle dinamiche di gruppo<\/strong>, creando un clima positivo in cui ogni bambino possa trovare il proprio spazio. Le attivit\u00e0 favoriscono lo sviluppo della socialit\u00e0 e delle competenze relazionali, stimolando la <strong>collaborazione, l\u2019empatia e l\u2019inclusione<\/strong>.<\/p>\n<p>Le esperienze proposte spaziano per coinvolgere ogni bambino, rispettandone interessi e bisogni:<\/p>\n<ul>\n<li><strong>Sport<\/strong>, per rafforzare il corpo e la mente attraverso il gioco di squadra e il movimento.<\/li>\n<li><strong>Laboratori creativi<\/strong>, per lasciare spazio alla fantasia e all\u2019espressione personale, sia individuale che collettiva.<\/li>\n<li><strong>Giochi di movimento e animazione<\/strong>, per unire energia e divertimento.<\/li>\n<li><strong>Giochi musicali<\/strong>, per scoprire ritmo e armonia insieme agli altri.<\/li>\n<li><strong>Giochi da tavolo<\/strong>, per sviluppare concentrazione e strategia, sempre in un\u2019ottica collaborativa.<\/li>\n<\/ul>\n<p>I nostri centri estivi sono progettati per garantire un\u2019esperienza educativa che vada oltre il semplice intrattenimento, favorendo la crescita personale e sociale di ogni bambino.<\/p>\n<h3><strong>Centro Estivo Koalaludo Classic<\/strong><\/h3>\n<p>Il nostro<strong> Centro Estivo Koalaludo Classic, <\/strong>attivo sul territorio livornese dal 2004 con il primo centro estivo all&#8217;epoca chiamato ?centro estivo koalaludo planet sport&#8217;, accoglie bambini e ragazzi dai <strong>3 ai 14 anni<\/strong>, organizzati in fasce d&#8217;et\u00e0 specifiche per garantire un\u2019esperienza educativa e divertente su misura:<\/p>\n<ul>\n<li><strong>Nani e Nanissimi (3-6 anni)<\/strong><\/li>\n<li><strong>Piccoli (1\u00b0 e 2\u00b0 elementare)<\/strong><\/li>\n<li><strong>Medi (3\u00b0 e 4\u00b0 elementare)<\/strong><\/li>\n<li><strong>Grandi (5\u00b0 elementare, 1\u00b0, 2\u00b0 e 3\u00b0 media)<\/strong><\/li>\n<\/ul>\n<p>Il cuore del nostro approccio risiede nella figura dell\u2019educatore, che non \u00e8 solo animatore, ma anche <strong>anima del gruppo, facilitatore della relazione e promotore di un clima positivo<\/strong>. Gli educatori, con competenza e passione, creano attivit\u00e0 coinvolgenti che stimolano creativit\u00e0, socialit\u00e0 e divertimento.<\/p>\n<p>Le <strong>attivit\u00e0 principali del Koalaludo Classic<\/strong> includono:<\/p>\n<ul>\n<li><strong>Esperienze al mare<\/strong>, grazie alla collaborazione con i bagni &#8216;Onde del Tirreno&#8217; per sviluppare il legame con l&#8217;ambiente, il mare, la piscina e tantissimi giochi in spiaggia e nel gabbione.<\/li>\n<li><strong>Attivit\u00e0 sportive<\/strong> presso il campo scuola Renato Martelli, in collaborazione con Atletica Livorno 1950, per attivit\u00e0 legate al mondo dell&#8217;atletica leggera, corsa, salto in alto e tantissimi giochi sportivi.<\/li>\n<li><strong>Laboratori creativi<\/strong> di costruzione e attivit\u00e0 grafico-pittoriche, sia individuali che collettive.<\/li>\n<li><strong>Giochi di ruolo<\/strong> e contest di animazione collettivi per stimolare la fantasia, la cooperazione.<\/li>\n<li><strong>Dama e giochi da tavolo<\/strong>, per promuovere la concentrazione e il pensiero strategico a cura del maestro Borghetti<\/li>\n<li><strong>Giochi di movimento e musicali<\/strong>, per unire energia, ritmo e divertimento.<br \/>\n<h3><strong>Centro Estivo Sporting Club<\/strong><\/h3>\n<p>Il <strong>Centro Estivo Sporting Club<\/strong>, nato dalla collaborazione con il centro Sporting Club Atleti di via dei Pensieri a Livorno, dal 2023 offre un\u2019esperienza unica che unisce sport, divertimento e apprendimento.<\/p>\n<p>Le attivit\u00e0 principali sono:<\/p>\n<ul>\n<li><strong>Corsi di avviamento al tennis<\/strong>, tenuti da maestri professionisti dell&#8217;Atleti Sporting club, per avvicinare i partecipanti a questo sport in modo divertente e tecnico.<\/li>\n<li><strong>Corsi di piscina<\/strong>, organizzati presso la piscina comunale in collaborazione con Livorno Acquatics, per migliorare le capacit\u00e0 natatorie e acquisire sicurezza in acqua.<\/li>\n<\/ul>\n<p>Oltre a queste attivit\u00e0, i bambini e ragazzi saranno coinvolti in momenti di socializzazione, giochi di gruppo e laboratori creativi, per un\u2019estate ricca di sport e amicizie.<\/p>\n<p>Con il supporto di educatori qualificati, questo centro estivo offre un ambiente accogliente e stimolante, dove ogni partecipante pu\u00f2 scoprire e coltivare nuove passioni.<\/p>\n<h3><strong>Centro Estivo Fortezza Nuova<\/strong><\/h3>\n<p>Nell&#8217; inverno del 2023 nasce la collaborazione con la Fortezza Nuova. La societ\u00e0 Fortezza Village ci ha coinvolto per la parte dei servizi all&#8217;infanzia nel loro progetto di riqualificazione degli spazi del parco livornese, con una serie di iniziative volte alla cittadinanza e al turismo. Abbiamo organizzato per l&#8217;estate 2024 un centro estivo immerso nel verde del centro citt\u00e0. Il centro estivo at Fortezza 2024 \u00e8 uno dei servizi che abbiamo organizzato strutturando una combinazione di diverse attivit\u00e0 che accorpassero i temi :natura, storia e attivit\u00e0 originali per un\u2019esperienza educativa e creativa all\u2019aperto.<\/p>\n<p><strong>Attivit\u00e0 distintive<\/strong>:<\/p>\n<ul>\n<li><strong>Orienteering<\/strong>, per sviluppare orientamento, lavoro di squadra e spirito d\u2019avventura.<\/li>\n<li><strong>Corsi di chitarra<\/strong>, per avvicinare i bambini alla musica in modo pratico e creativo.<\/li>\n<li><strong>Circomotricit\u00e0<\/strong>, un mix di movimento, equilibrio e gioco che stimola consapevolezza corporea e fantasia.<\/li>\n<li><strong>Corsi di inglese<\/strong>, progettati per apprendere o migliorare la lingua attraverso attivit\u00e0 dinamiche, giochi e situazioni pratiche che rendono l\u2019apprendimento divertente e coinvolgente.<span style=\"font-size: 1rem;\">Ogni giornata da koala \u00e8 progettata dallo staff dei coordinatori di ogni gruppo e dagli educatori che fanno parte di ogni gruppo di lavoro, per garantire il massimo benessere e la partecipazione attiva di ogni bambino, favorendo la socializzazione e la scoperta delle proprie capacit\u00e0 in un ambiente sicuro e accogliente<\/span><br \/>\n<h3><strong>La Magia dell\u2019Ambientazione nei Centri Estivi Koalaludo<\/strong><\/h3>\n<p>Un elemento che contraddistingue fin dalla nascita i nostri centri estivi \u00e8 la <strong>narrazione<\/strong>: un viaggio attraverso una storia unica, raccontata e vissuta, che unisce tutte le fasce d\u2019et\u00e0. Ogni estate prende vita un\u2019avventura entusiasmante, messa in scena con personaggi e scenografie coinvolgenti, che cattura l\u2019immaginazione dei bambini e li immerge in un mondo di fantasia e gioco.<\/p>\n<p>I bambini, suddivisi in <strong>quattro squadre<\/strong>, si sfidano in prove ludiche e attivit\u00e0 cooperative, coltivando il piacere della competizione sana e il lavoro di squadra. L\u2019obiettivo? Conquistare la prestigiosa <strong>Koalacup \ud83c\udfc6\ud83d\udc28<\/strong>, simbolo della vittoria e dell\u2019impegno collettivo.<\/p>\n<p>L&#8217;ambientazione non \u00e8 solo un modo per divertirsi, ma anche un\u2019opportunit\u00e0 educativa. Attraverso la storia narrata a suon di giochi, i bambini:<\/p>\n<ul>\n<li><strong><strong>Svilu<\/strong><\/strong><strong>ppano empatia<\/strong>, immedesimandosi nei personaggi e nelle loro avventure.<\/li>\n<li><strong>Accrescono la creativit\u00e0<\/strong>, immaginando soluzioni e strategie per affrontare le sfide proposte.<\/li>\n<li><strong>Migliorano la socializzazione<\/strong>, collaborando con i compagni e imparando il valore del gioco di squadra.<\/li>\n<li><strong>Rafforzano l\u2019autostima<\/strong>, sentendosi protagonisti attivi di una grande avventura.<\/li>\n<\/ul>\n<p>Ogni attivit\u00e0 \u00e8 pensata e progettata per creare un\u2019esperienza memorabile, dove il gioco si intreccia con apprendimento, didattica e divertimento, in cui ogni bambino pu\u00f2 sentirsi parte integrante di una storia che lo accompagna per tutta l\u2019estate!<\/p>\n<\/li>\n<\/ul>\n<\/li>\n<li>Per informazioni : centroestivo@koalaludo.com<\/li>\n<\/ul>\n<p><a href=\"http:\/\/koalaludo.it\/wp-content\/uploads\/2024\/11\/KoalaCE19_FB_Totale_03.jpg\">\u00a0 \u00a0 <\/a><\/p>\n<\/div>\n\n\n<figure class=\"wp-block-gallery has-nested-images columns-3 wp-block-gallery-1 is-layout-flex wp-block-gallery-is-layout-flex\">\n<figure class=\"wp-block-image size-large\"><img loading=\"lazy\" decoding=\"async\" width=\"1333\" height=\"2000\" data-id=\"1088\" src=\"https:\/\/koalaludo.it\/wp-content\/uploads\/2025\/01\/IMG_0426.jpg\" alt=\"\" class=\"wp-image-1088\"\/><\/figure>\n\n\n\n<figure class=\"wp-block-image size-full is-style-default\"><img loading=\"lazy\" decoding=\"async\" width=\"1600\" height=\"1200\" data-id=\"1098\" src=\"http:\/\/koalaludo.it\/wp-content\/uploads\/2025\/01\/IMG-20210802-WA0019.jpg\" alt=\"\" class=\"wp-image-1098\"\/><\/figure>\n\n\n\n<figure class=\"wp-block-image size-large\"><img loading=\"lazy\" decoding=\"async\" width=\"3000\" height=\"2000\" data-id=\"1083\" src=\"https:\/\/koalaludo.it\/wp-content\/uploads\/2025\/01\/IMG_2540.jpg\" alt=\"\" class=\"wp-image-1083\"\/><\/figure>\n\n\n\n<figure class=\"wp-block-image size-large\"><img loading=\"lazy\" decoding=\"async\" width=\"3000\" height=\"2000\" data-id=\"1115\" src=\"https:\/\/koalaludo.it\/wp-content\/uploads\/2025\/01\/IMG_0381.jpg\" alt=\"\" class=\"wp-image-1115\"\/><\/figure>\n\n\n\n<figure class=\"wp-block-image size-large\"><img loading=\"lazy\" decoding=\"async\" width=\"3000\" height=\"4000\" data-id=\"1111\" src=\"https:\/\/koalaludo.it\/wp-content\/uploads\/2025\/01\/20220624_131055.jpg\" alt=\"\" class=\"wp-image-1111\"\/><\/figure>\n\n\n\n<figure class=\"wp-block-image size-large\"><img loading=\"lazy\" decoding=\"async\" width=\"4000\" height=\"3000\" data-id=\"1110\" src=\"https:\/\/koalaludo.it\/wp-content\/uploads\/2025\/01\/20220611_170044.jpg\" alt=\"\" class=\"wp-image-1110\"\/><\/figure>\n\n\n\n<figure class=\"wp-block-image size-large\"><img loading=\"lazy\" decoding=\"async\" width=\"4128\" height=\"3096\" data-id=\"1091\" src=\"https:\/\/koalaludo.it\/wp-content\/uploads\/2025\/01\/20210723_121309.jpg\" alt=\"\" class=\"wp-image-1091\"\/><\/figure>\n\n\n\n<figure class=\"wp-block-image size-large\"><img loading=\"lazy\" decoding=\"async\" width=\"3000\" height=\"2000\" data-id=\"1061\" src=\"https:\/\/koalaludo.it\/wp-content\/uploads\/2025\/01\/IMG_9844.jpg\" alt=\"\" class=\"wp-image-1061\"\/><\/figure>\n\n\n\n<figure class=\"wp-block-image size-large\"><img loading=\"lazy\" decoding=\"async\" width=\"3000\" height=\"2000\" data-id=\"1057\" src=\"https:\/\/koalaludo.it\/wp-content\/uploads\/2025\/01\/IMG_5176.jpg\" alt=\"\" class=\"wp-image-1057\"\/><\/figure>\n\n\n\n<figure class=\"wp-block-image size-large\"><img loading=\"lazy\" decoding=\"async\" width=\"3000\" height=\"2000\" data-id=\"1052\" src=\"https:\/\/koalaludo.it\/wp-content\/uploads\/2025\/01\/IMG_8015.jpg\" alt=\"\" class=\"wp-image-1052\"\/><\/figure>\n\n\n\n<figure class=\"wp-block-image size-medium\"><img loading=\"lazy\" decoding=\"async\" width=\"300\" height=\"225\" data-id=\"944\" src=\"https:\/\/koalaludo.it\/wp-content\/uploads\/2024\/11\/1000125119-300x225.jpg\" alt=\"\" class=\"wp-image-944\" srcset=\"https:\/\/koalaludo.it\/wp-content\/uploads\/2024\/11\/1000125119-300x225.jpg 300w, https:\/\/koalaludo.it\/wp-content\/uploads\/2024\/11\/1000125119-768x576.jpg 768w, https:\/\/koalaludo.it\/wp-content\/uploads\/2024\/11\/1000125119-1024x768.jpg 1024w\" sizes=\"auto, (max-width: 300px) 100vw, 300px\" \/><\/figure>\n\n\n\n<figure class=\"wp-block-image size-medium\"><img loading=\"lazy\" decoding=\"async\" width=\"200\" height=\"300\" data-id=\"911\" src=\"https:\/\/koalaludo.it\/wp-content\/uploads\/2024\/11\/441413361_863673965776669_4168781206159237480_n-200x300.jpg\" alt=\"\" class=\"wp-image-911\" srcset=\"https:\/\/koalaludo.it\/wp-content\/uploads\/2024\/11\/441413361_863673965776669_4168781206159237480_n-200x300.jpg 200w, https:\/\/koalaludo.it\/wp-content\/uploads\/2024\/11\/441413361_863673965776669_4168781206159237480_n-768x1152.jpg 768w, https:\/\/koalaludo.it\/wp-content\/uploads\/2024\/11\/441413361_863673965776669_4168781206159237480_n-682x1024.jpg 682w, https:\/\/koalaludo.it\/wp-content\/uploads\/2024\/11\/441413361_863673965776669_4168781206159237480_n.jpg 1333w\" sizes=\"auto, (max-width: 200px) 100vw, 200px\" \/><\/figure>\n\n\n\n<figure class=\"wp-block-image size-medium\"><img loading=\"lazy\" decoding=\"async\" width=\"300\" height=\"200\" data-id=\"887\" src=\"https:\/\/koalaludo.it\/wp-content\/uploads\/2024\/11\/IMG_1883-300x200.jpg\" alt=\"\" class=\"wp-image-887\" srcset=\"https:\/\/koalaludo.it\/wp-content\/uploads\/2024\/11\/IMG_1883-300x200.jpg 300w, https:\/\/koalaludo.it\/wp-content\/uploads\/2024\/11\/IMG_1883-768x512.jpg 768w, https:\/\/koalaludo.it\/wp-content\/uploads\/2024\/11\/IMG_1883-1024x683.jpg 1024w\" sizes=\"auto, (max-width: 300px) 100vw, 300px\" \/><\/figure>\n\n\n\n<figure class=\"wp-block-image size-medium\"><img loading=\"lazy\" decoding=\"async\" width=\"300\" height=\"225\" data-id=\"836\" src=\"https:\/\/koalaludo.it\/wp-content\/uploads\/2024\/11\/20240828_122214-300x225.jpg\" alt=\"\" class=\"wp-image-836\" srcset=\"https:\/\/koalaludo.it\/wp-content\/uploads\/2024\/11\/20240828_122214-300x225.jpg 300w, https:\/\/koalaludo.it\/wp-content\/uploads\/2024\/11\/20240828_122214-768x576.jpg 768w, https:\/\/koalaludo.it\/wp-content\/uploads\/2024\/11\/20240828_122214-1024x768.jpg 1024w\" sizes=\"auto, (max-width: 300px) 100vw, 300px\" \/><\/figure>\n\n\n\n<figure class=\"wp-block-image size-medium\"><img loading=\"lazy\" decoding=\"async\" width=\"300\" height=\"200\" data-id=\"833\" src=\"https:\/\/koalaludo.it\/wp-content\/uploads\/2024\/11\/IMG_1865-300x200.jpg\" alt=\"\" class=\"wp-image-833\" srcset=\"https:\/\/koalaludo.it\/wp-content\/uploads\/2024\/11\/IMG_1865-300x200.jpg 300w, https:\/\/koalaludo.it\/wp-content\/uploads\/2024\/11\/IMG_1865-768x512.jpg 768w, https:\/\/koalaludo.it\/wp-content\/uploads\/2024\/11\/IMG_1865-1024x683.jpg 1024w\" sizes=\"auto, (max-width: 300px) 100vw, 300px\" \/><\/figure>\n\n\n\n<figure class=\"wp-block-image size-medium\"><img loading=\"lazy\" decoding=\"async\" width=\"300\" height=\"169\" data-id=\"439\" src=\"https:\/\/koalaludo.it\/wp-content\/uploads\/2018\/06\/IMG-20170717-WA0002-300x169.jpg\" alt=\"\" class=\"wp-image-439\" srcset=\"https:\/\/koalaludo.it\/wp-content\/uploads\/2018\/06\/IMG-20170717-WA0002-300x169.jpg 300w, https:\/\/koalaludo.it\/wp-content\/uploads\/2018\/06\/IMG-20170717-WA0002-768x432.jpg 768w, https:\/\/koalaludo.it\/wp-content\/uploads\/2018\/06\/IMG-20170717-WA0002-1024x576.jpg 1024w, https:\/\/koalaludo.it\/wp-content\/uploads\/2018\/06\/IMG-20170717-WA0002.jpg 1599w\" sizes=\"auto, (max-width: 300px) 100vw, 300px\" \/><\/figure>\n\n\n\n<figure class=\"wp-block-image size-medium\"><img loading=\"lazy\" decoding=\"async\" width=\"180\" height=\"300\" data-id=\"432\" src=\"https:\/\/koalaludo.it\/wp-content\/uploads\/2018\/06\/IMG-20160628-WA0031-180x300.jpg\" alt=\"\" class=\"wp-image-432\" srcset=\"https:\/\/koalaludo.it\/wp-content\/uploads\/2018\/06\/IMG-20160628-WA0031-180x300.jpg 180w, https:\/\/koalaludo.it\/wp-content\/uploads\/2018\/06\/IMG-20160628-WA0031-768x1280.jpg 768w, https:\/\/koalaludo.it\/wp-content\/uploads\/2018\/06\/IMG-20160628-WA0031-614x1024.jpg 614w, https:\/\/koalaludo.it\/wp-content\/uploads\/2018\/06\/IMG-20160628-WA0031.jpg 960w\" sizes=\"auto, (max-width: 180px) 100vw, 180px\" \/><\/figure>\n\n\n\n<figure class=\"wp-block-image size-large\"><img loading=\"lazy\" decoding=\"async\" width=\"3000\" height=\"2000\" data-id=\"1146\" src=\"https:\/\/koalaludo.it\/wp-content\/uploads\/2025\/01\/IMG_4787.jpg\" alt=\"\" class=\"wp-image-1146\"\/><\/figure>\n\n\n\n<figure class=\"wp-block-image size-large\"><img loading=\"lazy\" decoding=\"async\" width=\"3000\" height=\"2000\" data-id=\"1147\" src=\"https:\/\/koalaludo.it\/wp-content\/uploads\/2025\/01\/IMG_5731.jpg\" alt=\"\" class=\"wp-image-1147\"\/><\/figure>\n\n\n\n<figure class=\"wp-block-image size-large\"><img loading=\"lazy\" decoding=\"async\" width=\"3000\" height=\"2000\" data-id=\"1148\" src=\"https:\/\/koalaludo.it\/wp-content\/uploads\/2025\/01\/IMG_5726.jpg\" alt=\"\" class=\"wp-image-1148\"\/><\/figure>\n\n\n\n<figure class=\"wp-block-image size-large\"><img loading=\"lazy\" decoding=\"async\" width=\"1333\" height=\"2000\" data-id=\"1149\" src=\"https:\/\/koalaludo.it\/wp-content\/uploads\/2025\/01\/IMG_4721.jpg\" alt=\"\" class=\"wp-image-1149\"\/><\/figure>\n\n\n\n<figure class=\"wp-block-image size-large\"><img loading=\"lazy\" decoding=\"async\" width=\"3000\" height=\"2000\" data-id=\"1150\" src=\"https:\/\/koalaludo.it\/wp-content\/uploads\/2025\/01\/IMG_5801.jpg\" alt=\"\" class=\"wp-image-1150\"\/><\/figure>\n\n\n\n<figure class=\"wp-block-image size-large\"><img loading=\"lazy\" decoding=\"async\" width=\"3000\" height=\"2000\" data-id=\"1151\" src=\"https:\/\/koalaludo.it\/wp-content\/uploads\/2025\/01\/IMG_4152.jpg\" alt=\"\" class=\"wp-image-1151\"\/><\/figure>\n\n\n\n<figure class=\"wp-block-image size-large\"><img loading=\"lazy\" decoding=\"async\" width=\"1333\" height=\"2000\" data-id=\"1153\" src=\"https:\/\/koalaludo.it\/wp-content\/uploads\/2025\/01\/IMG_4066.jpg\" alt=\"\" class=\"wp-image-1153\"\/><\/figure>\n\n\n\n<figure class=\"wp-block-image size-large\"><img loading=\"lazy\" decoding=\"async\" width=\"3000\" height=\"2000\" data-id=\"1154\" src=\"https:\/\/koalaludo.it\/wp-content\/uploads\/2025\/01\/IMG_4001.jpg\" alt=\"\" class=\"wp-image-1154\"\/><\/figure>\n<\/figure>\n\n\n\n<p><\/p>\n","protected":false},"excerpt":{"rendered":"<p>Centri Estivi Koalaludo Un\u2019estate di relazioni, creativit\u00e0 e crescita senza tralasciare il divertimento! Il nostro centro estivo accoglie bambini e ragazzi dai 3 anni compiuti fino ai 14, offrendo un ambiente sicuro e accogliente in cui ogni partecipante pu\u00f2 esprimersi in modo spontaneo e sentirsi valorizzato. La nostra proposta educativa si basa sulla relazione: l\u2019educatore [&hellip;]<\/p>\n","protected":false},"author":4,"featured_media":899,"parent":0,"menu_order":0,"comment_status":"closed","ping_status":"closed","template":"","meta":{"footnotes":""},"class_list":["post-638","page","type-page","status-publish","has-post-thumbnail","hentry"],"_links":{"self":[{"href":"https:\/\/koalaludo.it\/index.php\/wp-json\/wp\/v2\/pages\/638","targetHints":{"allow":["GET"]}}],"collection":[{"href":"https:\/\/koalaludo.it\/index.php\/wp-json\/wp\/v2\/pages"}],"about":[{"href":"https:\/\/koalaludo.it\/index.php\/wp-json\/wp\/v2\/types\/page"}],"author":[{"embeddable":true,"href":"https:\/\/koalaludo.it\/index.php\/wp-json\/wp\/v2\/users\/4"}],"replies":[{"embeddable":true,"href":"https:\/\/koalaludo.it\/index.php\/wp-json\/wp\/v2\/comments?post=638"}],"version-history":[{"count":19,"href":"https:\/\/koalaludo.it\/index.php\/wp-json\/wp\/v2\/pages\/638\/revisions"}],"predecessor-version":[{"id":1156,"href":"https:\/\/koalaludo.it\/index.php\/wp-json\/wp\/v2\/pages\/638\/revisions\/1156"}],"wp:featuredmedia":[{"embeddable":true,"href":"https:\/\/koalaludo.it\/index.php\/wp-json\/wp\/v2\/media\/899"}],"wp:attachment":[{"href":"https:\/\/koalaludo.it\/index.php\/wp-json\/wp\/v2\/media?parent=638"}],"curies":[{"name":"wp","href":"https:\/\/api.w.org\/{rel}","templated":true}]}}