{"id":636,"date":"2024-11-21T11:27:18","date_gmt":"2024-11-21T11:27:18","guid":{"rendered":"http:\/\/koalaludo.it\/?page_id=636"},"modified":"2024-11-21T15:06:16","modified_gmt":"2024-11-21T15:06:16","slug":"animazione-di-comunita","status":"publish","type":"page","link":"https:\/\/koalaludo.it\/index.php\/animazione-di-comunita\/","title":{"rendered":"Animazione di Comunit\u00e0"},"content":{"rendered":"<p>&nbsp;<\/p>\n<p><a href=\"http:\/\/koalaludo.it\/wp-content\/uploads\/2024\/11\/20230527_112224.jpg\"><img loading=\"lazy\" decoding=\"async\" class=\"alignnone wp-image-768 size-medium\" src=\"http:\/\/koalaludo.it\/wp-content\/uploads\/2024\/11\/20230527_112224-300x170.jpg\" alt=\"\" width=\"300\" height=\"170\" srcset=\"https:\/\/koalaludo.it\/wp-content\/uploads\/2024\/11\/20230527_112224-300x170.jpg 300w, https:\/\/koalaludo.it\/wp-content\/uploads\/2024\/11\/20230527_112224-768x435.jpg 768w, https:\/\/koalaludo.it\/wp-content\/uploads\/2024\/11\/20230527_112224-1024x579.jpg 1024w\" sizes=\"auto, (max-width: 300px) 100vw, 300px\" \/><\/a> <a href=\"http:\/\/koalaludo.it\/wp-content\/uploads\/2024\/11\/20230527_103747.jpg\"><img loading=\"lazy\" decoding=\"async\" class=\"alignnone wp-image-770 size-medium\" src=\"http:\/\/koalaludo.it\/wp-content\/uploads\/2024\/11\/20230527_103747-300x135.jpg\" alt=\"\" width=\"300\" height=\"135\" srcset=\"https:\/\/koalaludo.it\/wp-content\/uploads\/2024\/11\/20230527_103747-300x135.jpg 300w, https:\/\/koalaludo.it\/wp-content\/uploads\/2024\/11\/20230527_103747-768x346.jpg 768w, https:\/\/koalaludo.it\/wp-content\/uploads\/2024\/11\/20230527_103747-1024x461.jpg 1024w\" sizes=\"auto, (max-width: 300px) 100vw, 300px\" \/><\/a> <a href=\"http:\/\/koalaludo.it\/wp-content\/uploads\/2024\/11\/20220604_093132.jpg\"><img loading=\"lazy\" decoding=\"async\" class=\"alignnone wp-image-771 size-medium\" src=\"http:\/\/koalaludo.it\/wp-content\/uploads\/2024\/11\/20220604_093132-300x225.jpg\" alt=\"\" width=\"300\" height=\"225\" srcset=\"https:\/\/koalaludo.it\/wp-content\/uploads\/2024\/11\/20220604_093132-300x225.jpg 300w, https:\/\/koalaludo.it\/wp-content\/uploads\/2024\/11\/20220604_093132-768x576.jpg 768w, https:\/\/koalaludo.it\/wp-content\/uploads\/2024\/11\/20220604_093132-1024x768.jpg 1024w\" sizes=\"auto, (max-width: 300px) 100vw, 300px\" \/><\/a> <a href=\"http:\/\/koalaludo.it\/wp-content\/uploads\/2024\/11\/20220604_104804-1.jpg\"><img loading=\"lazy\" decoding=\"async\" class=\"alignnone wp-image-772 size-medium\" src=\"http:\/\/koalaludo.it\/wp-content\/uploads\/2024\/11\/20220604_104804-1-300x225.jpg\" alt=\"\" width=\"300\" height=\"225\" srcset=\"https:\/\/koalaludo.it\/wp-content\/uploads\/2024\/11\/20220604_104804-1-300x225.jpg 300w, https:\/\/koalaludo.it\/wp-content\/uploads\/2024\/11\/20220604_104804-1-768x576.jpg 768w, https:\/\/koalaludo.it\/wp-content\/uploads\/2024\/11\/20220604_104804-1-1024x768.jpg 1024w\" sizes=\"auto, (max-width: 300px) 100vw, 300px\" \/><\/a><\/p>\n<p><b>Laboratori Grafico-Pittorici nei Parchi: Creativit\u00e0 e Relazioni in Azione<\/b><\/p>\n<p><span style=\"font-weight: 400;\">In collaborazione con il Comune di Livorno, le attivit\u00e0 educative locali e la Cooperativa Orsa, la Cooperativa Koalaludo promuove interventi socio-educativi attraverso laboratori grafico-pittorici e di manipolazione. Queste attivit\u00e0 si svolgono nei parchi pubblici di Livorno, offrendo uno spazio aperto e inclusivo in cui genitori e figli possono condividere momenti di creativit\u00e0 e apprendimento.<\/span><\/p>\n<p><span style=\"font-weight: 400;\">I laboratori, progettati per incoraggiare il senso di comunit\u00e0 educante, sono pensati per valorizzare il legame tra generazioni e stimolare la collaborazione creativa. Attraverso l\u2019uso di materiali semplici, naturali o di recupero, le famiglie possono esplorare tecniche artistiche come la pittura, la manipolazione dell\u2019argilla e il collage, favorendo un approccio ludico-educativo.<\/span><\/p>\n<h3><b>Obiettivi e Valori<\/b><\/h3>\n<ul>\n<li style=\"font-weight: 400;\" aria-level=\"1\"><b>Relazione Genitori-Figli:<\/b><span style=\"font-weight: 400;\"> i laboratori offrono un\u2019occasione preziosa per rafforzare il legame familiare, stimolando il dialogo e la cooperazione attraverso il fare insieme.<\/span><\/li>\n<li style=\"font-weight: 400;\" aria-level=\"1\"><b>Collaborazione Creativa:<\/b><span style=\"font-weight: 400;\"> ogni attivit\u00e0 \u00e8 progettata per incoraggiare il lavoro di gruppo, il rispetto reciproco e la condivisione di idee, sviluppando competenze sociali e collaborative.<\/span><\/li>\n<li style=\"font-weight: 400;\" aria-level=\"1\"><b>Valorizzazione della Comunit\u00e0 Educante:<\/b><span style=\"font-weight: 400;\"> i parchi pubblici diventano luoghi di incontro e condivisione, dove famiglie e operatori educativi costruiscono insieme un ambiente accogliente e stimolante per tutti.<\/span><\/li>\n<\/ul>\n<p><span style=\"font-weight: 400;\">L\u2019aspetto ludico e creativo si intreccia con l\u2019intento educativo, trasformando ogni laboratorio in un\u2019esperienza di crescita e scoperta. Grazie a questi interventi, i partecipanti non solo sviluppano competenze artistiche, ma rafforzano anche il senso di appartenenza alla comunit\u00e0 e la consapevolezza del valore della relazione.<\/span><\/p>\n<p><span style=\"font-weight: 400;\">Un invito a vivere i parchi di Livorno come spazi di creativit\u00e0, educazione e condivisione per costruire, insieme, una comunit\u00e0 pi\u00f9 unita e attenta al benessere di ogni individuo.<\/span><\/p>\n<p>&nbsp;<\/p>\n","protected":false},"excerpt":{"rendered":"<p>&nbsp; Laboratori Grafico-Pittorici nei Parchi: Creativit\u00e0 e Relazioni in Azione In collaborazione con il Comune di Livorno, le attivit\u00e0 educative locali e la Cooperativa Orsa, la Cooperativa Koalaludo promuove interventi socio-educativi attraverso laboratori grafico-pittorici e di manipolazione. Queste attivit\u00e0 si svolgono nei parchi pubblici di Livorno, offrendo uno spazio aperto e inclusivo in cui genitori [&hellip;]<\/p>\n","protected":false},"author":4,"featured_media":763,"parent":0,"menu_order":0,"comment_status":"closed","ping_status":"closed","template":"","meta":{"footnotes":""},"class_list":["post-636","page","type-page","status-publish","has-post-thumbnail","hentry"],"_links":{"self":[{"href":"https:\/\/koalaludo.it\/index.php\/wp-json\/wp\/v2\/pages\/636","targetHints":{"allow":["GET"]}}],"collection":[{"href":"https:\/\/koalaludo.it\/index.php\/wp-json\/wp\/v2\/pages"}],"about":[{"href":"https:\/\/koalaludo.it\/index.php\/wp-json\/wp\/v2\/types\/page"}],"author":[{"embeddable":true,"href":"https:\/\/koalaludo.it\/index.php\/wp-json\/wp\/v2\/users\/4"}],"replies":[{"embeddable":true,"href":"https:\/\/koalaludo.it\/index.php\/wp-json\/wp\/v2\/comments?post=636"}],"version-history":[{"count":3,"href":"https:\/\/koalaludo.it\/index.php\/wp-json\/wp\/v2\/pages\/636\/revisions"}],"predecessor-version":[{"id":812,"href":"https:\/\/koalaludo.it\/index.php\/wp-json\/wp\/v2\/pages\/636\/revisions\/812"}],"wp:featuredmedia":[{"embeddable":true,"href":"https:\/\/koalaludo.it\/index.php\/wp-json\/wp\/v2\/media\/763"}],"wp:attachment":[{"href":"https:\/\/koalaludo.it\/index.php\/wp-json\/wp\/v2\/media?parent=636"}],"curies":[{"name":"wp","href":"https:\/\/api.w.org\/{rel}","templated":true}]}}