{"id":624,"date":"2024-11-21T10:39:20","date_gmt":"2024-11-21T10:39:20","guid":{"rendered":"http:\/\/koalaludo.it\/?page_id=624"},"modified":"2025-01-12T11:19:15","modified_gmt":"2025-01-12T11:19:15","slug":"rsa","status":"publish","type":"page","link":"https:\/\/koalaludo.it\/index.php\/rsa\/","title":{"rendered":"RSA"},"content":{"rendered":"<\/p>\n<p><b>Animazione Socio-Educativa per Anziani in RSA<\/b><\/p>\n<p><span style=\"font-weight: 400;\">La Cooperativa Koalaludo, attiva nel territorio livornese, si impegna a creare esperienze di animazione socio-educativa pensate per migliorare la qualit\u00e0 della vita degli anziani nelle Residenze Sanitarie Assistenziali (RSA). I nostri interventi sono progettati per stimolare e mantenere le capacit\u00e0 cognitive, motorie ed emotive degli ospiti, con l\u2019obiettivo di favorire il benessere fisico e psicologico.<\/span><\/p>\n<p><span style=\"font-weight: 400;\">Le attivit\u00e0 che proponiamo sono mirate a mantenere e sviluppare la motricit\u00e0 fine, allenando la destrezza manuale attraverso esercizi che stimolano la coordinazione, la precisione e l&#8217;agilit\u00e0. Tali attivit\u00e0 comprendono giochi e laboratori creativi, come la manipolazione di materiali vari (ad esempio, argilla, carta, tessuti) che favoriscono il movimento delle mani e delle dita, migliorando la loro mobilit\u00e0 e forza.<\/span><\/p>\n<p><span style=\"font-weight: 400;\">Accanto all\u2019aspetto motorio, poniamo particolare attenzione all&#8217;allenamento delle capacit\u00e0 mnemoniche e cognitive. Le nostre attivit\u00e0 sono progettate per stimolare la memoria attraverso giochi di lettura, esercizi di associazione e narrazione. L\u2019utilizzo di libri, parole crociate, quiz, e altre attivit\u00e0 stimolanti favorisce il mantenimento delle funzioni cognitive, incoraggiando anche la socializzazione tra gli ospiti.<\/span><\/p>\n<p><span style=\"font-weight: 400;\">Crediamo che un ambiente educativo e coinvolgente possa favorire il mantenimento dell&#8217;autonomia e la qualit\u00e0 della vita, offrendo agli anziani non solo un&#8217;opportunit\u00e0 di stimolazione mentale e fisica, ma anche momenti di gioia, interazione e relazione. Attraverso queste attivit\u00e0, vogliamo contribuire a creare un ambiente in cui ogni persona si senta valorizzata, rispettata e protagonista della propria esperienza.<\/span><\/p>\n<\/p>\n<\/p>\n\n\n<figure class=\"wp-block-gallery has-nested-images columns-default is-cropped wp-block-gallery-1 is-layout-flex wp-block-gallery-is-layout-flex\">\n<figure class=\"wp-block-image size-large\"><img loading=\"lazy\" decoding=\"async\" width=\"1600\" height=\"1600\" data-id=\"959\" src=\"https:\/\/koalaludo.it\/wp-content\/uploads\/2024\/12\/IMG-20241202-WA0039.jpg\" alt=\"\" class=\"wp-image-959\"\/><\/figure>\n\n\n\n<figure class=\"wp-block-image size-large\"><img loading=\"lazy\" decoding=\"async\" width=\"1536\" height=\"2040\" data-id=\"958\" src=\"https:\/\/koalaludo.it\/wp-content\/uploads\/2024\/12\/IMG-20241202-WA0040.jpg\" alt=\"\" class=\"wp-image-958\"\/><\/figure>\n\n\n\n<figure class=\"wp-block-image size-large\"><img loading=\"lazy\" decoding=\"async\" width=\"206\" height=\"206\" data-id=\"956\" src=\"https:\/\/koalaludo.it\/wp-content\/uploads\/2024\/12\/34089918_10216459245577420_2853830288713187328_n.jpg\" alt=\"\" class=\"wp-image-956\"\/><\/figure>\n<\/figure>\n","protected":false},"excerpt":{"rendered":"<p>Animazione Socio-Educativa per Anziani in RSA La Cooperativa Koalaludo, attiva nel territorio livornese, si impegna a creare esperienze di animazione socio-educativa pensate per migliorare la qualit\u00e0 della vita degli anziani nelle Residenze Sanitarie Assistenziali (RSA). I nostri interventi sono progettati per stimolare e mantenere le capacit\u00e0 cognitive, motorie ed emotive degli ospiti, con l\u2019obiettivo di [&hellip;]<\/p>\n","protected":false},"author":4,"featured_media":0,"parent":0,"menu_order":0,"comment_status":"closed","ping_status":"closed","template":"","meta":{"footnotes":""},"class_list":["post-624","page","type-page","status-publish","hentry"],"_links":{"self":[{"href":"https:\/\/koalaludo.it\/index.php\/wp-json\/wp\/v2\/pages\/624","targetHints":{"allow":["GET"]}}],"collection":[{"href":"https:\/\/koalaludo.it\/index.php\/wp-json\/wp\/v2\/pages"}],"about":[{"href":"https:\/\/koalaludo.it\/index.php\/wp-json\/wp\/v2\/types\/page"}],"author":[{"embeddable":true,"href":"https:\/\/koalaludo.it\/index.php\/wp-json\/wp\/v2\/users\/4"}],"replies":[{"embeddable":true,"href":"https:\/\/koalaludo.it\/index.php\/wp-json\/wp\/v2\/comments?post=624"}],"version-history":[{"count":7,"href":"https:\/\/koalaludo.it\/index.php\/wp-json\/wp\/v2\/pages\/624\/revisions"}],"predecessor-version":[{"id":1169,"href":"https:\/\/koalaludo.it\/index.php\/wp-json\/wp\/v2\/pages\/624\/revisions\/1169"}],"wp:attachment":[{"href":"https:\/\/koalaludo.it\/index.php\/wp-json\/wp\/v2\/media?parent=624"}],"curies":[{"name":"wp","href":"https:\/\/api.w.org\/{rel}","templated":true}]}}