{"id":620,"date":"2024-11-21T09:28:53","date_gmt":"2024-11-21T09:28:53","guid":{"rendered":"http:\/\/koalaludo.it\/?page_id=620"},"modified":"2024-11-22T10:34:25","modified_gmt":"2024-11-22T10:34:25","slug":"pedibus","status":"publish","type":"page","link":"https:\/\/koalaludo.it\/index.php\/pedibus\/","title":{"rendered":"Pedibus"},"content":{"rendered":"<p>&nbsp;<\/p>\n<p><span style=\"font-weight: 400;\">Il Pedibus \u00e8 un autobus che va a piedi, \u00e8 formato da una carovana di bambini che vanno a scuola in gruppo, accompagnati da un adulto, un \u201cautista\/controllore\u201d che controlla\u00a0 la fila. Il Pedibus \u00e8 una realt\u00e0 in molti paesi del mondo e inizia a diffondersi anche in Italia. In molte citt\u00e0, si stanno sperimentando diverse esperienze di Pedibus finalizzate a ridurre l&#8217; impatto del traffico nelle ore di entrata a scuola e a favorire occasioni di socializzazione e di autonomia. Promuovere la mobilit\u00e0 lenta sul tragitto casa-scuola implica numerosi vantaggi sia individuali che collettivi, aumenta la sicurezza sulle strade, promuove uno stile di vita sano a livello psicofisico, migliora la qualit\u00e0 dell\u2019aria e dello spazio urbano: la qualit\u00e0 di vita della intera collettivit\u00e0 ne trae vantaggio.<\/span><\/p>\n<h2><span style=\"font-weight: 400;\">Vantaggi per i genitori:<\/span><\/h2>\n<ul>\n<li style=\"font-weight: 400;\" aria-level=\"1\"><span style=\"font-weight: 400;\">contribuisce ad una armoniosa crescita del proprio bambino\u00a0<\/span><\/li>\n<li style=\"font-weight: 400;\" aria-level=\"1\"><span style=\"font-weight: 400;\">favorisce la salute del proprio bambino a lungo termine\u00a0<\/span><\/li>\n<li style=\"font-weight: 400;\" aria-level=\"1\"><span style=\"font-weight: 400;\">contribuisce ad aumentare la sicurezza del traffico negli orari di entrata\/uscita da scuola\u00a0<\/span><\/li>\n<li style=\"font-weight: 400;\" aria-level=\"1\"><span style=\"font-weight: 400;\">contribuisce a migliorare la qualit\u00e0 dell\u2019aria, riducendo le emissioni nocive\u00a0<\/span><\/li>\n<li style=\"font-weight: 400;\" aria-level=\"1\"><span style=\"font-weight: 400;\">garantisce pi\u00f9 tempo libero per le proprie incombenze, qualora i bambini vadano a scuola da soli\u00a0<\/span><\/li>\n<li style=\"font-weight: 400;\" aria-level=\"1\"><span style=\"font-weight: 400;\">migliora il budget familiare, diminuendo i costi di auto e carburante<\/span><\/li>\n<\/ul>\n<h2><span style=\"font-weight: 400;\">Vantaggi per i bambini:<\/span><\/h2>\n<ul>\n<li style=\"font-weight: 400;\" aria-level=\"1\"><span style=\"font-weight: 400;\">favorisce la salute fisica, attraverso il movimento quotidiano\u00a0<\/span><\/li>\n<li style=\"font-weight: 400;\" aria-level=\"1\"><span style=\"font-weight: 400;\">favorisce l\u2019indipendenza, rendendoli autonomi\u00a0<\/span><\/li>\n<li style=\"font-weight: 400;\" aria-level=\"1\"><span style=\"font-weight: 400;\">aumenta l\u2019autostima e l\u2019equilibrio psichico\u00a0<\/span><\/li>\n<li style=\"font-weight: 400;\" aria-level=\"1\"><span style=\"font-weight: 400;\">sviluppa buone capacit\u00e0 di analisi\u00a0<\/span><\/li>\n<li style=\"font-weight: 400;\" aria-level=\"1\"><span style=\"font-weight: 400;\">stimola la socializzazione\u00a0<\/span><\/li>\n<li style=\"font-weight: 400;\" aria-level=\"1\"><span style=\"font-weight: 400;\">\u00e8 essenziale per imparare a muoversi in sicurezza\u00a0<\/span><\/li>\n<li style=\"font-weight: 400;\" aria-level=\"1\"><span style=\"font-weight: 400;\">insegna a rispettare gli altri\u00a0<\/span><\/li>\n<li style=\"font-weight: 400;\" aria-level=\"1\"><span style=\"font-weight: 400;\">insegna a conoscere l\u2019ambiente e a rispettarlo\u00a0<\/span><\/li>\n<li style=\"font-weight: 400;\" aria-level=\"1\"><span style=\"font-weight: 400;\">\u00e8 divertente!!\u00a0<\/span><\/li>\n<\/ul>\n<p>&nbsp;<\/p>\n<h2><span style=\"font-weight: 400;\">Vantaggi per la scuola:<\/span><\/h2>\n<ul>\n<li style=\"font-weight: 400;\" aria-level=\"1\"><span style=\"font-weight: 400;\">contribuisce alla buona salute dei propri allievi\u00a0<\/span><\/li>\n<li style=\"font-weight: 400;\" aria-level=\"1\"><span style=\"font-weight: 400;\">stimola l\u2019attenzione e la concentrazione degli allievi\u00a0<\/span><\/li>\n<li style=\"font-weight: 400;\" aria-level=\"1\"><span style=\"font-weight: 400;\">aumenta la sicurezza stradale della zona, diminuendo il traffico attorno alla scuola\u00a0<\/span><\/li>\n<li style=\"font-weight: 400;\" aria-level=\"1\"><span style=\"font-weight: 400;\">migliora ambiente e qualit\u00e0 dell\u2019aria attorno alla scuola\u00a0<\/span><\/li>\n<li style=\"font-weight: 400;\" aria-level=\"1\"><span style=\"font-weight: 400;\">consente un nuovo uso dello spazio attorno alla scuola, a favore degli allievi e della collettivit\u00e0\u00a0\u00a0<\/span><\/li>\n<\/ul>\n<h2><span style=\"font-weight: 400;\">Vantaggi per la citt\u00e0<\/span><\/h2>\n<ul>\n<li style=\"font-weight: 400;\" aria-level=\"1\"><span style=\"font-weight: 400;\">\u00e8 un intervento efficace e condiviso di miglioramento della qualit\u00e0 dell\u2019aria\u00a0<\/span><\/li>\n<li style=\"font-weight: 400;\" aria-level=\"1\"><span style=\"font-weight: 400;\">aumenta la qualit\u00e0 della vita degli abitanti della zona\u00a0<\/span><\/li>\n<li style=\"font-weight: 400;\" aria-level=\"1\"><span style=\"font-weight: 400;\">aumenta la sicurezza sulle strade della zona\u00a0<\/span><\/li>\n<li style=\"font-weight: 400;\" aria-level=\"1\"><span style=\"font-weight: 400;\">rende ai cittadini spazi pubblici prima occupati dalle autovetture\u00a0<\/span><\/li>\n<\/ul>\n<p>&nbsp;<\/p>\n<p><span style=\"font-weight: 400;\">Obiettivi:<\/span><\/p>\n<ul>\n<li style=\"font-weight: 400;\" aria-level=\"1\"><span style=\"font-weight: 400;\">Ridurre situazioni di assembramento in occasione dell&#8217;entrata scolastica<\/span><\/li>\n<li style=\"font-weight: 400;\" aria-level=\"1\"><span style=\"font-weight: 400;\">Favorire la mobilit\u00e0 dolce.<\/span><\/li>\n<li style=\"font-weight: 400;\" aria-level=\"1\"><span style=\"font-weight: 400;\">Valorizzare il tempo del tragitto casa-scuola<\/span><\/li>\n<li style=\"font-weight: 400;\" aria-level=\"1\"><span style=\"font-weight: 400;\">Favorire l&#8217;autonomia.<\/span><\/li>\n<li style=\"font-weight: 400;\" aria-level=\"1\"><span style=\"font-weight: 400;\">Conoscere il territorio intorno alla scuola.<\/span><\/li>\n<\/ul>\n<p>&nbsp;<\/p>\n<p><span style=\"font-weight: 400;\">Organizzazione:<\/span><\/p>\n<p><span style=\"font-weight: 400;\">Sono individuate 8 linee, contraddistinte per colori, con partenza da parchi o piazze che permettano il raggruppamento di grandi numeri e distanti non pi\u00f9 di 1 KM dalla scuola di arrivo.<\/span><\/p>\n<p><span style=\"font-weight: 400;\">I pedibus con i bambini della primaria saranno organizzati con un massimo di 15 bambini per \u201cautista\u201d mentre con la secondaria con un massimo di 18 ragazzi.\u00a0<\/span><\/p>\n<p><span style=\"font-weight: 400;\">In ogni punto di ritrovo ci sar\u00e0 un operatore ben identificabile, da un gilet catarifrangente, che accoglier\u00e0 ogni partecipante nel luogo di incontro.<\/span><\/p>\n<p><span style=\"font-weight: 400;\">Nel punto di partenza vengono predisposti con apposita cartellonistica degli spazi per poter dividere i bambini in gruppi, e permettere agli accompagnatori di individuare con facilit\u00e0 gli operatori di riferimento.<\/span><\/p>\n<p><span style=\"font-weight: 400;\">Per ogni viaggio sar\u00e0 compilato un giornale di bordo con le presenze dei bambini , da vidimare una volta arrivato a scuola.<\/span><\/p>\n<p><span style=\"font-weight: 400;\">Per quanto riguarda gli operatori, verr\u00e0 creato un gruppo ampio che garantisca turn-over e sostituzioni in casi di emergenza.<\/span><\/p>\n<p><span style=\"font-weight: 400;\">Il Pedibus sar\u00e0 attivo anche in caso di brutto tempo.<\/span><\/p>\n<p><span style=\"font-weight: 400;\">Durante il periodo di attivazione gli operatori arricchiranno il percorso, con giochi, bans, caccia al tesoro, e giochi di osservazione e orientamento con l&#8217;obiettivo di coinvolgere in una divertente esperienza ludica i bambini da un lato e nello stesso tempo di facilitare la concentrazione e l&#8217;attenzione sul percorso.In ogni gruppo a fine progetto verranno premiati i bambini con le presenze pi\u00f9 assidue.<\/span><\/p>\n<p>&nbsp;<\/p>\n<p><span style=\"font-weight: 400;\">Costi: <\/span><span style=\"font-weight: 400;\">L\u2019attivit\u00e0 \u00e8 svolta a titolo gratuito.<\/span><\/p>\n<p>&nbsp;<\/p>\n<p><span style=\"font-weight: 400;\">Linee del pedibus:<\/span><\/p>\n<ul>\n<li style=\"font-weight: 400;\" aria-level=\"1\"><span style=\"font-weight: 400;\">Gialla <\/span><span style=\"font-weight: 400;\">:\u00a0 Scuola Primaria Natali\u00a0<\/span><\/li>\n<\/ul>\n<p><span style=\"font-weight: 400;\">ritrovo presso il parco di via Roma h7.45<\/span><\/p>\n<ul>\n<li style=\"font-weight: 400;\" aria-level=\"1\"><span style=\"font-weight: 400;\">Arancio<\/span><span style=\"font-weight: 400;\">: Scuola Primaria Villa\u00a0 Corridi<\/span><\/li>\n<\/ul>\n<p><span style=\"font-weight: 400;\">ritrovo 1: h7.35 cancello parco di villa corridi<\/span><\/p>\n<p><span style=\"font-weight: 400;\">ritrovo 2: h7.35 via spagna -parcheggio campo dei portuali partenza h 7.42<\/span><\/p>\n<ul>\n<li style=\"font-weight: 400;\" aria-level=\"1\"><span style=\"font-weight: 400;\">Rossa <\/span><span style=\"font-weight: 400;\">: Scuola secondaria di primo grado Micali<\/span><\/li>\n<\/ul>\n<p><span style=\"font-weight: 400;\">entrata ritrovo h 7.45 piazza del santuario\u00a0<\/span><\/p>\n<p><span style=\"font-weight: 400;\">uscita ritrovo h 13.45 scuola- verso piazza del santuario<\/span><\/p>\n<ul>\n<li style=\"font-weight: 400;\" aria-level=\"1\"><span style=\"font-weight: 400;\">Verde <\/span><span style=\"font-weight: 400;\">: Scuola primaria Puccini<\/span><\/li>\n<\/ul>\n<p><span style=\"font-weight: 400;\">ritrovo h 7.40 Via E. Zola<\/span><\/p>\n<ul>\n<li style=\"font-weight: 400;\" aria-level=\"1\"><span style=\"font-weight: 400;\">Azzurra<\/span><span style=\"font-weight: 400;\">: Scuola primaria Micheli via villa glori<\/span><\/li>\n<\/ul>\n<p><span style=\"font-weight: 400;\">ritrovo piazza 2 giugno lato chiesa\u00a0<\/span><\/p>\n<ul>\n<li style=\"font-weight: 400;\" aria-level=\"1\"><span style=\"font-weight: 400;\">Viola <\/span><span style=\"font-weight: 400;\">: Scuola primaria Lambruschini\u00a0<\/span><\/li>\n<\/ul>\n<p><span style=\"font-weight: 400;\">ritrovo h 7.40 parco di via martin luther king-lato campo da basket<\/span><\/p>\n<ul>\n<li style=\"font-weight: 400;\" aria-level=\"1\"><span style=\"font-weight: 400;\">Rosa<\/span><span style=\"font-weight: 400;\"> : Scuola primaria Cattaneo\u00a0<\/span><\/li>\n<\/ul>\n<p><span style=\"font-weight: 400;\">ritrovo h 7.40 parco di via degli oleandri<\/span><\/p>\n<p>&nbsp;<\/p>\n<p>per info e iscrizioni: pedibus@koalaludo.com<\/p>\n<div id='gallery-1' class='gallery galleryid-620 gallery-columns-2 gallery-size-medium'><figure class='gallery-item'>\n\t\t\t<div class='gallery-icon landscape'>\n\t\t\t\t<a href='https:\/\/koalaludo.it\/wp-content\/uploads\/2024\/11\/WhatsApp-Image-2024-10-01-at-08.42.27.jpeg'><img loading=\"lazy\" decoding=\"async\" width=\"300\" height=\"225\" src=\"https:\/\/koalaludo.it\/wp-content\/uploads\/2024\/11\/WhatsApp-Image-2024-10-01-at-08.42.27-300x225.jpeg\" class=\"attachment-medium size-medium\" alt=\"\" srcset=\"https:\/\/koalaludo.it\/wp-content\/uploads\/2024\/11\/WhatsApp-Image-2024-10-01-at-08.42.27-300x225.jpeg 300w, https:\/\/koalaludo.it\/wp-content\/uploads\/2024\/11\/WhatsApp-Image-2024-10-01-at-08.42.27-768x576.jpeg 768w, https:\/\/koalaludo.it\/wp-content\/uploads\/2024\/11\/WhatsApp-Image-2024-10-01-at-08.42.27-1024x768.jpeg 1024w, https:\/\/koalaludo.it\/wp-content\/uploads\/2024\/11\/WhatsApp-Image-2024-10-01-at-08.42.27.jpeg 1600w\" sizes=\"auto, (max-width: 300px) 100vw, 300px\" \/><\/a>\n\t\t\t<\/div><\/figure><figure class='gallery-item'>\n\t\t\t<div class='gallery-icon landscape'>\n\t\t\t\t<a href='https:\/\/koalaludo.it\/wp-content\/uploads\/2024\/11\/WhatsApp-Image-2024-10-09-at-09.44.21.jpeg'><img loading=\"lazy\" decoding=\"async\" width=\"300\" height=\"225\" src=\"https:\/\/koalaludo.it\/wp-content\/uploads\/2024\/11\/WhatsApp-Image-2024-10-09-at-09.44.21-300x225.jpeg\" class=\"attachment-medium size-medium\" alt=\"\" srcset=\"https:\/\/koalaludo.it\/wp-content\/uploads\/2024\/11\/WhatsApp-Image-2024-10-09-at-09.44.21-300x225.jpeg 300w, https:\/\/koalaludo.it\/wp-content\/uploads\/2024\/11\/WhatsApp-Image-2024-10-09-at-09.44.21-768x576.jpeg 768w, https:\/\/koalaludo.it\/wp-content\/uploads\/2024\/11\/WhatsApp-Image-2024-10-09-at-09.44.21-1024x768.jpeg 1024w, https:\/\/koalaludo.it\/wp-content\/uploads\/2024\/11\/WhatsApp-Image-2024-10-09-at-09.44.21.jpeg 1600w\" sizes=\"auto, (max-width: 300px) 100vw, 300px\" \/><\/a>\n\t\t\t<\/div><\/figure><figure class='gallery-item'>\n\t\t\t<div class='gallery-icon portrait'>\n\t\t\t\t<a href='https:\/\/koalaludo.it\/wp-content\/uploads\/2024\/11\/WhatsApp-Image-2024-11-19-at-08.00.30.jpeg'><img loading=\"lazy\" decoding=\"async\" width=\"225\" height=\"300\" src=\"https:\/\/koalaludo.it\/wp-content\/uploads\/2024\/11\/WhatsApp-Image-2024-11-19-at-08.00.30-225x300.jpeg\" class=\"attachment-medium size-medium\" alt=\"\" srcset=\"https:\/\/koalaludo.it\/wp-content\/uploads\/2024\/11\/WhatsApp-Image-2024-11-19-at-08.00.30-225x300.jpeg 225w, https:\/\/koalaludo.it\/wp-content\/uploads\/2024\/11\/WhatsApp-Image-2024-11-19-at-08.00.30-768x1024.jpeg 768w, https:\/\/koalaludo.it\/wp-content\/uploads\/2024\/11\/WhatsApp-Image-2024-11-19-at-08.00.30.jpeg 1536w\" sizes=\"auto, (max-width: 225px) 100vw, 225px\" \/><\/a>\n\t\t\t<\/div><\/figure><figure class='gallery-item'>\n\t\t\t<div class='gallery-icon portrait'>\n\t\t\t\t<a href='https:\/\/koalaludo.it\/wp-content\/uploads\/2024\/11\/WhatsApp-Image-2024-05-08-at-07.58.26.jpeg'><img loading=\"lazy\" decoding=\"async\" width=\"169\" height=\"300\" src=\"https:\/\/koalaludo.it\/wp-content\/uploads\/2024\/11\/WhatsApp-Image-2024-05-08-at-07.58.26-169x300.jpeg\" class=\"attachment-medium size-medium\" alt=\"\" srcset=\"https:\/\/koalaludo.it\/wp-content\/uploads\/2024\/11\/WhatsApp-Image-2024-05-08-at-07.58.26-169x300.jpeg 169w, https:\/\/koalaludo.it\/wp-content\/uploads\/2024\/11\/WhatsApp-Image-2024-05-08-at-07.58.26-768x1365.jpeg 768w, https:\/\/koalaludo.it\/wp-content\/uploads\/2024\/11\/WhatsApp-Image-2024-05-08-at-07.58.26-576x1024.jpeg 576w, https:\/\/koalaludo.it\/wp-content\/uploads\/2024\/11\/WhatsApp-Image-2024-05-08-at-07.58.26.jpeg 900w\" sizes=\"auto, (max-width: 169px) 100vw, 169px\" \/><\/a>\n\t\t\t<\/div><\/figure><figure class='gallery-item'>\n\t\t\t<div class='gallery-icon portrait'>\n\t\t\t\t<a href='https:\/\/koalaludo.it\/wp-content\/uploads\/2024\/11\/WhatsApp-Image-2024-09-30-at-08.52.10.jpeg'><img loading=\"lazy\" decoding=\"async\" width=\"225\" height=\"300\" src=\"https:\/\/koalaludo.it\/wp-content\/uploads\/2024\/11\/WhatsApp-Image-2024-09-30-at-08.52.10-225x300.jpeg\" class=\"attachment-medium size-medium\" alt=\"\" srcset=\"https:\/\/koalaludo.it\/wp-content\/uploads\/2024\/11\/WhatsApp-Image-2024-09-30-at-08.52.10-225x300.jpeg 225w, https:\/\/koalaludo.it\/wp-content\/uploads\/2024\/11\/WhatsApp-Image-2024-09-30-at-08.52.10-768x1024.jpeg 768w, https:\/\/koalaludo.it\/wp-content\/uploads\/2024\/11\/WhatsApp-Image-2024-09-30-at-08.52.10.jpeg 1200w\" sizes=\"auto, (max-width: 225px) 100vw, 225px\" \/><\/a>\n\t\t\t<\/div><\/figure><figure class='gallery-item'>\n\t\t\t<div class='gallery-icon landscape'>\n\t\t\t\t<a href='https:\/\/koalaludo.it\/wp-content\/uploads\/2024\/11\/WhatsApp-Image-2024-05-10-at-08.10.42.jpeg'><img loading=\"lazy\" decoding=\"async\" width=\"300\" height=\"169\" src=\"https:\/\/koalaludo.it\/wp-content\/uploads\/2024\/11\/WhatsApp-Image-2024-05-10-at-08.10.42-300x169.jpeg\" class=\"attachment-medium size-medium\" alt=\"\" srcset=\"https:\/\/koalaludo.it\/wp-content\/uploads\/2024\/11\/WhatsApp-Image-2024-05-10-at-08.10.42-300x169.jpeg 300w, https:\/\/koalaludo.it\/wp-content\/uploads\/2024\/11\/WhatsApp-Image-2024-05-10-at-08.10.42-768x432.jpeg 768w, https:\/\/koalaludo.it\/wp-content\/uploads\/2024\/11\/WhatsApp-Image-2024-05-10-at-08.10.42-1024x576.jpeg 1024w, https:\/\/koalaludo.it\/wp-content\/uploads\/2024\/11\/WhatsApp-Image-2024-05-10-at-08.10.42.jpeg 1600w\" sizes=\"auto, (max-width: 300px) 100vw, 300px\" \/><\/a>\n\t\t\t<\/div><\/figure>\n\t\t<\/div>\n\n<p>&nbsp;<\/p>\n<p>&nbsp;<\/p>\n","protected":false},"excerpt":{"rendered":"<p>&nbsp; Il Pedibus \u00e8 un autobus che va a piedi, \u00e8 formato da una carovana di bambini che vanno a scuola in gruppo, accompagnati da un adulto, un \u201cautista\/controllore\u201d che controlla\u00a0 la fila. Il Pedibus \u00e8 una realt\u00e0 in molti paesi del mondo e inizia a diffondersi anche in Italia. In molte citt\u00e0, si stanno [&hellip;]<\/p>\n","protected":false},"author":4,"featured_media":649,"parent":0,"menu_order":0,"comment_status":"closed","ping_status":"closed","template":"","meta":{"footnotes":""},"class_list":["post-620","page","type-page","status-publish","has-post-thumbnail","hentry"],"_links":{"self":[{"href":"https:\/\/koalaludo.it\/index.php\/wp-json\/wp\/v2\/pages\/620","targetHints":{"allow":["GET"]}}],"collection":[{"href":"https:\/\/koalaludo.it\/index.php\/wp-json\/wp\/v2\/pages"}],"about":[{"href":"https:\/\/koalaludo.it\/index.php\/wp-json\/wp\/v2\/types\/page"}],"author":[{"embeddable":true,"href":"https:\/\/koalaludo.it\/index.php\/wp-json\/wp\/v2\/users\/4"}],"replies":[{"embeddable":true,"href":"https:\/\/koalaludo.it\/index.php\/wp-json\/wp\/v2\/comments?post=620"}],"version-history":[{"count":12,"href":"https:\/\/koalaludo.it\/index.php\/wp-json\/wp\/v2\/pages\/620\/revisions"}],"predecessor-version":[{"id":846,"href":"https:\/\/koalaludo.it\/index.php\/wp-json\/wp\/v2\/pages\/620\/revisions\/846"}],"wp:featuredmedia":[{"embeddable":true,"href":"https:\/\/koalaludo.it\/index.php\/wp-json\/wp\/v2\/media\/649"}],"wp:attachment":[{"href":"https:\/\/koalaludo.it\/index.php\/wp-json\/wp\/v2\/media?parent=620"}],"curies":[{"name":"wp","href":"https:\/\/api.w.org\/{rel}","templated":true}]}}