{"id":18,"date":"2017-09-24T21:34:09","date_gmt":"2017-09-24T21:34:09","guid":{"rendered":"http:\/\/5.189.173.166\/?page_id=18"},"modified":"2025-01-12T11:19:38","modified_gmt":"2025-01-12T11:19:38","slug":"servizio-ludotecario-cittadino","status":"publish","type":"page","link":"https:\/\/koalaludo.it\/index.php\/servizio-ludotecario-cittadino\/","title":{"rendered":"Servizio ludotecario cittadino"},"content":{"rendered":"<div class=\"blog-post-title\">\n<div class=\"blog-post-title-wrapper\">\n<p><img loading=\"lazy\" decoding=\"async\" class=\"alignnone size-medium wp-image-563\" src=\"http:\/\/koalaludo.it\/wp-content\/uploads\/2017\/09\/Ludoteche_Inverno2024_A5_STAMPA_01_Page1-212x300.jpg\" alt=\"\" width=\"212\" height=\"300\" srcset=\"https:\/\/koalaludo.it\/wp-content\/uploads\/2017\/09\/Ludoteche_Inverno2024_A5_STAMPA_01_Page1-212x300.jpg 212w, https:\/\/koalaludo.it\/wp-content\/uploads\/2017\/09\/Ludoteche_Inverno2024_A5_STAMPA_01_Page1-768x1085.jpg 768w, https:\/\/koalaludo.it\/wp-content\/uploads\/2017\/09\/Ludoteche_Inverno2024_A5_STAMPA_01_Page1-725x1024.jpg 725w, https:\/\/koalaludo.it\/wp-content\/uploads\/2017\/09\/Ludoteche_Inverno2024_A5_STAMPA_01_Page1.jpg 1772w\" sizes=\"auto, (max-width: 212px) 100vw, 212px\" \/><\/p>\n<p>DIRE, FARE, GIOCARE E \u2026 SOGNARE<\/p>\n<p>Dal 1\u00b0 aprile 2017 Koala insieme<br \/>\na Progetto A e Agave hanno preso in gestione il Servizi Ludotecari Cittadini e<br \/>\ndi Ludobus.<\/p>\n<p>Le ludoteche sono 3: il<br \/>\nGIANBURRASCA al Centro Commerciale La Leccia, la SERRA INCANTATA a Villa<br \/>\nMimbelli e la RUZZERIA a Shangay.<\/p>\n<p>Gli orari sono consultabili sul sito del<br \/>\nComune di Livorno nell\u2019area Educazione e scuola alla voce Ludoteche.<\/p>\n<p><a href=\"https:\/\/www.comune.livorno.it\/educazione-scuola\/ludoteche\">https:\/\/www.comune.livorno.it\/educazione-scuola\/ludoteche<\/a><\/p>\n<p>Nelle ludoteche cittadine, troverete attivit\u00e0<br \/>\ndi manipolazione, grafico pittoriche con materiali di recupero e sperimentazione<br \/>\ndi tecniche artistiche per conoscere e sperimentare il mondo in maniera<br \/>\ncreativa! il piacere di fare stimola la creativit\u00e0 e l\u2019espansivit\u00e0, e la<br \/>\ncreativit\u00e0 accresce la gioia e il piacere di vivere. \u00c8 infatti attraverso il gioco<br \/>\nche il bambino impara a conoscere il mondo, fare esperienza di cooperazione e<br \/>\nconflitto, stare con gli altri, gestire le proprie emozioni, scoprire nuovi<br \/>\npercorsi di autonomia e mettere alla prova &#8211; per tentativi ed errori, le<br \/>\nproprie convinzioni sulle cose e sugli altri. Divertendoci con loro \u00e8 possibile<br \/>\nrendere nutriente la relazione e tenere vivo il nostro \u201cIo-bambino\u201d, la parte<br \/>\nricca e creativa di noi stessi.<\/p>\n<p>Attraverso il gioco condiviso possiamo<br \/>\nconoscere i nostri bambini, alimentare la loro curiosit\u00e0 e fantasia ma<br \/>\nsoprattutto possiamo mantenere intatto quella parte infantile ancora viva in<br \/>\nnoi e che permette di comprenderne i bisogni.<\/p>\n<p>\u201c Ma quando ritornate?\u201d\u2026 \u00e8 la domanda pi\u00f9 attesa e pi\u00f9 temuta da parte<br \/>\ndegli animatori di Ludobus!<\/p>\n<p>E&#8217; una richiesta difficile e affascinante che<br \/>\nimpone di proporre attivit\u00e0 sempre nuove e stimolanti; per questo il Ludobus si<br \/>\npresenta sempre con allestimenti nuovi e particolari:<\/p>\n<p>Ludoteca mobile,<br \/>\nLudo-PARK-bus, Ludo-LABO-bus, Ludo-SPORT-bus, Ludo-FIABA-bus<br \/>\nLudo-CIRCO-bus<\/p>\n<p>servizieducativi@koalaludo.com<br \/>\nFacebook Ludoteche Livorno\u00a0https:\/\/www.facebook.com\/ludotechelivorno<br \/>\nTel.: 3282597026<\/p>\n<p><img loading=\"lazy\" decoding=\"async\" class=\"alignnone size-thumbnail wp-image-596\" src=\"http:\/\/koalaludo.it\/wp-content\/uploads\/2017\/09\/20210616_173412-150x150.jpg\" alt=\"\" width=\"150\" height=\"150\" \/> <img loading=\"lazy\" decoding=\"async\" class=\"alignnone size-thumbnail wp-image-597\" src=\"http:\/\/koalaludo.it\/wp-content\/uploads\/2017\/09\/20210616_173358-150x150.jpg\" alt=\"\" width=\"150\" height=\"150\" \/><img loading=\"lazy\" decoding=\"async\" class=\"alignnone size-thumbnail wp-image-571\" src=\"http:\/\/koalaludo.it\/wp-content\/uploads\/2018\/06\/20241107_173955-150x150.jpg\" alt=\"\" width=\"150\" height=\"150\" \/>\u00a0<img loading=\"lazy\" decoding=\"async\" class=\"alignnone size-thumbnail wp-image-601\" src=\"http:\/\/koalaludo.it\/wp-content\/uploads\/2017\/09\/20240312_171724-150x150.jpg\" alt=\"\" width=\"150\" height=\"150\" \/> <img loading=\"lazy\" decoding=\"async\" class=\"alignnone size-thumbnail wp-image-602\" src=\"http:\/\/koalaludo.it\/wp-content\/uploads\/2017\/09\/20240311_172904-150x150.jpg\" alt=\"\" width=\"150\" height=\"150\" \/> <img loading=\"lazy\" decoding=\"async\" class=\"alignnone size-thumbnail wp-image-603\" src=\"http:\/\/koalaludo.it\/wp-content\/uploads\/2017\/09\/20240311_171107-150x150.jpg\" alt=\"\" width=\"150\" height=\"150\" \/> <img loading=\"lazy\" decoding=\"async\" class=\"alignnone size-thumbnail wp-image-604\" src=\"http:\/\/koalaludo.it\/wp-content\/uploads\/2017\/09\/20240309_181301-150x150.jpg\" alt=\"\" width=\"150\" height=\"150\" \/> <img loading=\"lazy\" decoding=\"async\" class=\"alignnone size-thumbnail wp-image-611\" src=\"http:\/\/koalaludo.it\/wp-content\/uploads\/2017\/09\/20200218_175043-150x150.jpg\" alt=\"\" width=\"150\" height=\"150\" \/> <img loading=\"lazy\" decoding=\"async\" class=\"alignnone size-thumbnail wp-image-612\" src=\"http:\/\/koalaludo.it\/wp-content\/uploads\/2017\/09\/20200218_171705-150x150.jpg\" alt=\"\" width=\"150\" height=\"150\" \/> <img loading=\"lazy\" decoding=\"async\" class=\"alignnone size-thumbnail wp-image-606\" src=\"http:\/\/koalaludo.it\/wp-content\/uploads\/2017\/09\/20240306_174805-150x150.jpg\" alt=\"\" width=\"150\" height=\"150\" \/> <img loading=\"lazy\" decoding=\"async\" class=\"alignnone size-thumbnail wp-image-607\" src=\"http:\/\/koalaludo.it\/wp-content\/uploads\/2017\/09\/20240229_174831-150x150.jpg\" alt=\"\" width=\"150\" height=\"150\" \/> <img loading=\"lazy\" decoding=\"async\" class=\"alignnone size-thumbnail wp-image-608\" src=\"http:\/\/koalaludo.it\/wp-content\/uploads\/2017\/09\/20240926_165500-150x150.jpg\" alt=\"\" width=\"150\" height=\"150\" \/><img loading=\"lazy\" decoding=\"async\" class=\"alignnone size-thumbnail wp-image-609\" src=\"http:\/\/koalaludo.it\/wp-content\/uploads\/2017\/09\/20190311_171248-150x150.jpg\" alt=\"\" width=\"150\" height=\"150\" \/><img loading=\"lazy\" decoding=\"async\" class=\"alignnone size-thumbnail wp-image-610\" src=\"http:\/\/koalaludo.it\/wp-content\/uploads\/2017\/09\/20200201_175926-150x150.jpg\" alt=\"\" width=\"150\" height=\"150\" \/>\u00a0<img loading=\"lazy\" decoding=\"async\" class=\"alignnone size-thumbnail wp-image-600\" src=\"http:\/\/koalaludo.it\/wp-content\/uploads\/2017\/09\/20240918_173000-150x150.jpg\" alt=\"\" width=\"150\" height=\"150\" \/><\/p>\n<pre><\/pre>\n<\/div>\n<\/div>\n","protected":false},"excerpt":{"rendered":"<p>DIRE, FARE, GIOCARE E \u2026 SOGNARE Dal 1\u00b0 aprile 2017 Koala insieme a Progetto A e Agave hanno preso in gestione il Servizi Ludotecari Cittadini e di Ludobus. Le ludoteche sono 3: il GIANBURRASCA al Centro Commerciale La Leccia, la SERRA INCANTATA a Villa Mimbelli e la RUZZERIA a Shangay. Gli orari sono consultabili sul [&hellip;]<\/p>\n","protected":false},"author":4,"featured_media":563,"parent":0,"menu_order":0,"comment_status":"closed","ping_status":"closed","template":"","meta":{"footnotes":""},"class_list":["post-18","page","type-page","status-publish","has-post-thumbnail","hentry"],"_links":{"self":[{"href":"https:\/\/koalaludo.it\/index.php\/wp-json\/wp\/v2\/pages\/18","targetHints":{"allow":["GET"]}}],"collection":[{"href":"https:\/\/koalaludo.it\/index.php\/wp-json\/wp\/v2\/pages"}],"about":[{"href":"https:\/\/koalaludo.it\/index.php\/wp-json\/wp\/v2\/types\/page"}],"author":[{"embeddable":true,"href":"https:\/\/koalaludo.it\/index.php\/wp-json\/wp\/v2\/users\/4"}],"replies":[{"embeddable":true,"href":"https:\/\/koalaludo.it\/index.php\/wp-json\/wp\/v2\/comments?post=18"}],"version-history":[{"count":11,"href":"https:\/\/koalaludo.it\/index.php\/wp-json\/wp\/v2\/pages\/18\/revisions"}],"predecessor-version":[{"id":1170,"href":"https:\/\/koalaludo.it\/index.php\/wp-json\/wp\/v2\/pages\/18\/revisions\/1170"}],"wp:featuredmedia":[{"embeddable":true,"href":"https:\/\/koalaludo.it\/index.php\/wp-json\/wp\/v2\/media\/563"}],"wp:attachment":[{"href":"https:\/\/koalaludo.it\/index.php\/wp-json\/wp\/v2\/media?parent=18"}],"curies":[{"name":"wp","href":"https:\/\/api.w.org\/{rel}","templated":true}]}}