{"id":1477,"date":"2025-05-12T07:35:26","date_gmt":"2025-05-12T07:35:26","guid":{"rendered":"https:\/\/koalaludo.it\/?page_id=1477"},"modified":"2025-05-12T07:41:38","modified_gmt":"2025-05-12T07:41:38","slug":"partnership","status":"publish","type":"page","link":"https:\/\/koalaludo.it\/index.php\/partnership\/","title":{"rendered":"PARTNERSHIP"},"content":{"rendered":"\n\t\t<style>\n\t\t\t#wpls-logo-showcase-slider-1 .wpls-fix-box,\n\t\t\t#wpls-logo-showcase-slider-1 .wpls-fix-box img.wp-post-image{max-height:250px; }\n\t\t<\/style>\n\n\t\t<div class=\"wpls-wrap wpls-logo-showcase-slider-wrp wpls-logo-clearfix wpls-design-1 \" data-conf=\"{&quot;slides_column&quot;:&quot;3&quot;,&quot;slides_scroll&quot;:1,&quot;dots&quot;:&quot;true&quot;,&quot;arrows&quot;:&quot;true&quot;,&quot;autoplay&quot;:&quot;true&quot;,&quot;autoplay_interval&quot;:3000,&quot;loop&quot;:&quot;true&quot;,&quot;rtl&quot;:&quot;false&quot;,&quot;speed&quot;:800,&quot;center_mode&quot;:&quot;true&quot;,&quot;lazyload&quot;:&quot;&quot;}\">\n\t\t\t<div class=\"wpls-logo-showcase logo_showcase wpls-logo-slider wpls-center sliderimage_hide_border \" id=\"wpls-logo-showcase-slider-1\" >\n\t\t\t\t<div class=\"wpls-logo-cnt\">\n\t<div class=\"wpls-fix-box\">\n\t\t\t\t<a href=\"https:\/\/electronicsolution.net\/personal-data-center-orion-fish-one\/\" target=\"_self\">\n\t\t\t<img decoding=\"async\" class=\"wp-post-image\"  src=\"https:\/\/koalaludo.it\/wp-content\/uploads\/2025\/05\/LOGO_B_W.png\" alt=\"\" \/>\n\t\t<\/a>\n\t\t\t<\/div>\n\t<\/div><div class=\"wpls-logo-cnt\">\n\t<div class=\"wpls-fix-box\">\n\t\t\t\t<a href=\"https:\/\/portale.tirreno.coop.it\/\" target=\"_self\">\n\t\t\t<img decoding=\"async\" class=\"wp-post-image\"  src=\"https:\/\/koalaludo.it\/wp-content\/uploads\/2025\/05\/COOP.jpeg\" alt=\"\" \/>\n\t\t<\/a>\n\t\t\t<\/div>\n\t<\/div><div class=\"wpls-logo-cnt\">\n\t<div class=\"wpls-fix-box\">\n\t\t\t\t<img decoding=\"async\" class=\"wp-post-image\"  src=\"https:\/\/koalaludo.it\/wp-content\/uploads\/2025\/05\/BONSI.jpeg\" alt=\"\" \/>\n\t\t\t<\/div>\n\t<\/div><div class=\"wpls-logo-cnt\">\n\t<div class=\"wpls-fix-box\">\n\t\t\t\t<a href=\"https:\/\/www.cimalinfissi.com\/\" target=\"_self\">\n\t\t\t<img decoding=\"async\" class=\"wp-post-image\"  src=\"https:\/\/koalaludo.it\/wp-content\/uploads\/2025\/05\/CIMAL.jpeg\" alt=\"\" \/>\n\t\t<\/a>\n\t\t\t<\/div>\n\t<\/div><div class=\"wpls-logo-cnt\">\n\t<div class=\"wpls-fix-box\">\n\t\t\t\t<a href=\"https:\/\/www.ilbiscottificio.it\/\" target=\"_self\">\n\t\t\t<img decoding=\"async\" class=\"wp-post-image\"  src=\"https:\/\/koalaludo.it\/wp-content\/uploads\/2025\/05\/angy.jpg\" alt=\"\" \/>\n\t\t<\/a>\n\t\t\t<\/div>\n\t<\/div><div class=\"wpls-logo-cnt\">\n\t<div class=\"wpls-fix-box\">\n\t\t\t\t<a href=\"https:\/\/www.facebook.com\/macelleriagastronomiacinquinimauro\" target=\"_self\">\n\t\t\t<img decoding=\"async\" class=\"wp-post-image\"  src=\"https:\/\/koalaludo.it\/wp-content\/uploads\/2025\/05\/mac-cinq-sito.jpg\" alt=\"\" \/>\n\t\t<\/a>\n\t\t\t<\/div>\n\t<\/div>\t\t\t<\/div>\n\t\t<\/div>\n\n\t\t\n\n\n\n<h3 class=\"wp-block-heading\">Le nostre maglie supermegamitiche: un simbolo di unione, avventura e identit\u00e0<\/h3>\n\n\n\n<p>Ogni estate porta con s\u00e9 una nuova storia, un\u2019ambientazione diversa, un\u2019avventura che trasforma ogni giornata al centro estivo in un&#8217;esperienza unica. E a rendere tutto ancora pi\u00f9 speciale ci sono loro: le maglie supermegamitiche che contraddistinguono i bambini e le bambine dei nostri servizi. Queste maglie non sono semplici t-shirt: sono un segno distintivo, un simbolo di appartenenza, un richiamo alla storia che viviamo insieme. Ogni anno cambiano nei colori e nei dettagli grafici per riflettere l\u2019ambientazione scelta, ma mantengono sempre lo stesso spirito: unire,coinvolgere,emozionare. &nbsp; &nbsp; &nbsp; &nbsp; &nbsp; &nbsp; &nbsp; &nbsp; &nbsp; &nbsp; &nbsp; &nbsp; &nbsp; &nbsp; &nbsp; &nbsp; &nbsp; &nbsp; &nbsp; &nbsp; &nbsp; &nbsp; &nbsp; &nbsp; &nbsp; &nbsp; &nbsp; &nbsp; &nbsp; &nbsp; &nbsp; &nbsp; &nbsp; &nbsp; &nbsp; &nbsp; &nbsp; &nbsp; &nbsp; &nbsp; &nbsp; &nbsp; &nbsp; Dietro queste maglie c\u2019\u00e8 una partnership preziosa: collaborazioni con realt\u00e0 locali che ci affiancano con passione e professionalit\u00e0, contribuendo alla creazione di un prodotto di qualit\u00e0, bello da indossare e carico di significato. Grazie a loro possiamo offrire ai nostri bambini un oggetto che li accompagna in ogni avventura e che spesso, alla fine dell\u2019estate, diventa un ricordo da custodire gelosamente. Le nostre maglie non solo ci permettono di distinguerci da tutti gli altri servizi del territorio, ma rappresentano un modo per rafforzare il senso di gruppo, per creare legami e alimentare il sentimento di appartenenza al nostro mondo giocoso e creativo.&nbsp; Un grazie di cuore a chi ci supporta nella realizzazione di questo piccolo grande sogno: ai nostri partner, che credono nella forza dell\u2019educazione e dell\u2019immaginazione, e alle famiglie, che ogni anno ci rinnovano la loro fiducia. Ma soprattutto, grazie ai bambini e alle bambine, che con la loro energia rendono ogni maglia un simbolo vivo di gioco, scoperta e crescita.<\/p>\n\n\n\n<figure class=\"wp-block-image size-full\"><img loading=\"lazy\" decoding=\"async\" width=\"1748\" height=\"2480\" src=\"https:\/\/koalaludo.it\/wp-content\/uploads\/2025\/05\/CE2025_Sponsor_A5_Sito_01.png\" alt=\"\" class=\"wp-image-1484\"\/><\/figure>\n","protected":false},"excerpt":{"rendered":"<p>Le nostre maglie supermegamitiche: un simbolo di unione, avventura e identit\u00e0 Ogni estate porta con s\u00e9 una nuova storia, un\u2019ambientazione diversa, un\u2019avventura che trasforma ogni giornata al centro estivo in un&#8217;esperienza unica. E a rendere tutto ancora pi\u00f9 speciale ci sono loro: le maglie supermegamitiche che contraddistinguono i bambini e le bambine dei nostri servizi. [&hellip;]<\/p>\n","protected":false},"author":1,"featured_media":1478,"parent":0,"menu_order":0,"comment_status":"closed","ping_status":"closed","template":"","meta":{"footnotes":""},"class_list":["post-1477","page","type-page","status-publish","has-post-thumbnail","hentry"],"_links":{"self":[{"href":"https:\/\/koalaludo.it\/index.php\/wp-json\/wp\/v2\/pages\/1477","targetHints":{"allow":["GET"]}}],"collection":[{"href":"https:\/\/koalaludo.it\/index.php\/wp-json\/wp\/v2\/pages"}],"about":[{"href":"https:\/\/koalaludo.it\/index.php\/wp-json\/wp\/v2\/types\/page"}],"author":[{"embeddable":true,"href":"https:\/\/koalaludo.it\/index.php\/wp-json\/wp\/v2\/users\/1"}],"replies":[{"embeddable":true,"href":"https:\/\/koalaludo.it\/index.php\/wp-json\/wp\/v2\/comments?post=1477"}],"version-history":[{"count":5,"href":"https:\/\/koalaludo.it\/index.php\/wp-json\/wp\/v2\/pages\/1477\/revisions"}],"predecessor-version":[{"id":1486,"href":"https:\/\/koalaludo.it\/index.php\/wp-json\/wp\/v2\/pages\/1477\/revisions\/1486"}],"wp:featuredmedia":[{"embeddable":true,"href":"https:\/\/koalaludo.it\/index.php\/wp-json\/wp\/v2\/media\/1478"}],"wp:attachment":[{"href":"https:\/\/koalaludo.it\/index.php\/wp-json\/wp\/v2\/media?parent=1477"}],"curies":[{"name":"wp","href":"https:\/\/api.w.org\/{rel}","templated":true}]}}