{"id":1472,"date":"2025-05-12T07:22:45","date_gmt":"2025-05-12T07:22:45","guid":{"rendered":"https:\/\/koalaludo.it\/?page_id=1472"},"modified":"2025-05-12T07:22:45","modified_gmt":"2025-05-12T07:22:45","slug":"cresci-con-koala","status":"publish","type":"page","link":"https:\/\/koalaludo.it\/index.php\/cresci-con-koala\/","title":{"rendered":"Cresci con Koala"},"content":{"rendered":"\n<h2 class=\"wp-block-heading\">Koalaludo: da oltre 20 anni, gioco, relazione e crescita<\/h2>\n\n\n\n<p>Koalaludo \u00e8 una cooperativa che da pi\u00f9 di vent\u2019anni si dedica con passione ai servizi educativi e ludico-didattici rivolti a bambine e bambini dai 3 ai 14 anni. Il nostro lavoro si fonda su un\u2019idea precisa: il gioco \u00e8 una cosa seria. \u00c8 attraverso il gioco che si costruisce l\u2019identit\u00e0, si esplorano le emozioni, si sperimentano relazioni autentiche \u2014 con gli adulti e tra pari. I nostri interventi nascono dalla convinzione che ogni proposta educativa debba parlare direttamente al bambino, valorizzando i suoi tempi, il suo modo di stare nel mondo, il suo bisogno di essere riconosciuto. La relazione educativa \u00e8 il cuore pulsante delle nostre attivit\u00e0: ogni incontro \u00e8 un\u2019occasione per crescere insieme. Koalaludo \u00e8 anche un contesto professionale attento e qualificato. Ogni persona che entra a far parte del nostro team viene accuratamente selezionata e inserita in un gruppo di lavoro affiatato, in cui si condividono percorsi formativi mirati a sviluppare competenze comunicative, relazionali, artistiche, motorie e ludiche. Il nostro obiettivo \u00e8 offrire ai bambini e alle bambine non solo attivit\u00e0, ma esperienze significative. L\u2019esperienza ventennale maturata nei centri estivi ci ha portati ad aprire uno spazio nuovo, dedicato a chi \u00e8 cresciuto con noi: i bambini e le bambine che, diventati adolescenti, hanno scelto di restare, affiancando il personale educativo nel ruolo di volontari. Un percorso di avvicinamento al mondo del lavoro che permette loro di mettersi in gioco, imparare, osservare, partecipare attivamente alla costruzione di esperienze educative. In questo modo, Koalaludo promuove un progetto di formazione in itinere, capace di accompagnare la crescita di ogni persona, nel tempo.<\/p>\n","protected":false},"excerpt":{"rendered":"<p>Koalaludo: da oltre 20 anni, gioco, relazione e crescita Koalaludo \u00e8 una cooperativa che da pi\u00f9 di vent\u2019anni si dedica con passione ai servizi educativi e ludico-didattici rivolti a bambine e bambini dai 3 ai 14 anni. Il nostro lavoro si fonda su un\u2019idea precisa: il gioco \u00e8 una cosa seria. \u00c8 attraverso il gioco [&hellip;]<\/p>\n","protected":false},"author":4,"featured_media":1473,"parent":0,"menu_order":0,"comment_status":"closed","ping_status":"closed","template":"","meta":{"footnotes":""},"class_list":["post-1472","page","type-page","status-publish","has-post-thumbnail","hentry"],"_links":{"self":[{"href":"https:\/\/koalaludo.it\/index.php\/wp-json\/wp\/v2\/pages\/1472","targetHints":{"allow":["GET"]}}],"collection":[{"href":"https:\/\/koalaludo.it\/index.php\/wp-json\/wp\/v2\/pages"}],"about":[{"href":"https:\/\/koalaludo.it\/index.php\/wp-json\/wp\/v2\/types\/page"}],"author":[{"embeddable":true,"href":"https:\/\/koalaludo.it\/index.php\/wp-json\/wp\/v2\/users\/4"}],"replies":[{"embeddable":true,"href":"https:\/\/koalaludo.it\/index.php\/wp-json\/wp\/v2\/comments?post=1472"}],"version-history":[{"count":1,"href":"https:\/\/koalaludo.it\/index.php\/wp-json\/wp\/v2\/pages\/1472\/revisions"}],"predecessor-version":[{"id":1474,"href":"https:\/\/koalaludo.it\/index.php\/wp-json\/wp\/v2\/pages\/1472\/revisions\/1474"}],"wp:featuredmedia":[{"embeddable":true,"href":"https:\/\/koalaludo.it\/index.php\/wp-json\/wp\/v2\/media\/1473"}],"wp:attachment":[{"href":"https:\/\/koalaludo.it\/index.php\/wp-json\/wp\/v2\/media?parent=1472"}],"curies":[{"name":"wp","href":"https:\/\/api.w.org\/{rel}","templated":true}]}}